{"id":69,"date":"2019-07-24T15:42:45","date_gmt":"2019-07-24T15:42:45","guid":{"rendered":"https:\/\/vegcampinas.com.br\/product\/e-cpf-a3-em-cartao-inteligente-leitora-validade-de-03-anos\/"},"modified":"2021-09-22T18:51:14","modified_gmt":"2021-09-22T18:51:14","slug":"e-cpf-a3-em-cartao-inteligente-leitora-validade-de-03-anos","status":"publish","type":"product","link":"https:\/\/vegcertificado.com.br\/patrocinio\/product\/e-cpf-a3-em-cartao-inteligente-leitora-validade-de-03-anos\/","title":{"rendered":"E-CPF A3 EM CART\u00c3O INTELIGENTE + LEITORA (VALIDADE DE 03 ANOS)"},"content":{"rendered":"<p>Seu certificado digital armazenado em cart\u00e3o \u00e9 port\u00e1til e pode ser usado em qualquer m\u00e1quina que tenha uma entrada USB (com a leitora) e o programa do cart\u00e3o, que pode ser instalado de forma muito simples em quantos computadores voc\u00ea quiser. O cart\u00e3o tem uma senha de acesso (PIN), que, se digitada incorretamente por 3 vezes seguidas, \u00e9 bloqueada imediatamente, e s\u00f3 poder\u00e1 ser liberada caso o usu\u00e1rio entre corretamente com a senha PUK.<\/p>\n<p>Certificado digital \u00e9 um arquivo eletr\u00f4nico desenvolvido para funcionar como assinatura digital com validade jur\u00eddica para transmiss\u00e3o de dados por pessoas f\u00edsicas, empresas, \u00f3rg\u00e3os p\u00fablicos, organiza\u00e7\u00f5es.<\/p>\n","protected":false},"excerpt":{"rendered":"<p>Certificado digital \u00e9 um arquivo eletr\u00f4nico desenvolvido para funcionar como assinatura digital com validade jur\u00eddica para transmiss\u00e3o de dados por pessoas f\u00edsicas, empresas, \u00f3rg\u00e3os p\u00fablicos, organiza\u00e7\u00f5es.<\/p>\n","protected":false},"featured_media":5501,"comment_status":"open","ping_status":"closed","template":"","meta":{"jetpack_publicize_message":"","jetpack_publicize_feature_enabled":true,"jetpack_social_post_already_shared":false,"jetpack_social_options":{"image_generator_settings":{"template":"highway","enabled":false},"version":2}},"product_brand":[],"product_cat":[16,33],"product_tag":[],"class_list":{"0":"post-69","1":"product","2":"type-product","3":"status-publish","4":"has-post-thumbnail","6":"product_cat-certificado-digital","7":"product_cat-e-cpf-leitora","9":"first","10":"instock","11":"shipping-taxable","12":"product-type-external"},"jetpack_publicize_connections":[],"yoast_head":"<!-- This site is optimized with the Yoast SEO plugin v27.2 - https:\/\/yoast.com\/product\/yoast-seo-wordpress\/ -->\n<title>E-CPF A3 EM CART\u00c3O INTELIGENTE + LEITORA (VALIDADE DE 03 ANOS) - Certificado Digital<\/title>\n<meta name=\"robots\" content=\"index, follow, max-snippet:-1, max-image-preview:large, max-video-preview:-1\" \/>\n<link rel=\"canonical\" href=\"https:\/\/vegcertificado.com.br\/patrocinio\/product\/e-cpf-a3-em-cartao-inteligente-leitora-validade-de-03-anos\/\" \/>\n<meta property=\"og:locale\" content=\"pt_BR\" \/>\n<meta property=\"og:type\" content=\"article\" \/>\n<meta property=\"og:title\" content=\"E-CPF A3 EM CART\u00c3O INTELIGENTE + LEITORA (VALIDADE DE 03 ANOS) - Certificado Digital\" \/>\n<meta property=\"og:description\" content=\"Certificado digital \u00e9 um arquivo eletr\u00f4nico desenvolvido para funcionar como assinatura digital com validade jur\u00eddica para transmiss\u00e3o de dados por pessoas f\u00edsicas, empresas, \u00f3rg\u00e3os p\u00fablicos, organiza\u00e7\u00f5es.\" \/>\n<meta property=\"og:url\" content=\"https:\/\/vegcertificado.com.br\/patrocinio\/product\/e-cpf-a3-em-cartao-inteligente-leitora-validade-de-03-anos\/\" \/>\n<meta property=\"og:site_name\" content=\"Certificado Digital\" \/>\n<meta property=\"article:modified_time\" content=\"2021-09-22T18:51:14+00:00\" \/>\n<meta property=\"og:image\" content=\"https:\/\/vegcertificado.com.br\/patrocinio\/wp-content\/uploads\/2019\/07\/e-cpf-a3-em-cart\u00e3o-com-leitora.jpg\" \/>\n\t<meta property=\"og:image:width\" content=\"800\" \/>\n\t<meta property=\"og:image:height\" content=\"800\" \/>\n\t<meta property=\"og:image:type\" content=\"image\/jpeg\" \/>\n<meta name=\"twitter:card\" content=\"summary_large_image\" \/>\n<meta name=\"twitter:label1\" content=\"Est. tempo de leitura\" \/>\n\t<meta name=\"twitter:data1\" content=\"1 minuto\" \/>\n<script type=\"application\/ld+json\" class=\"yoast-schema-graph\">{\"@context\":\"https:\/\/schema.org\",\"@graph\":[{\"@type\":\"WebPage\",\"@id\":\"https:\/\/vegcertificado.com.br\/patrocinio\/product\/e-cpf-a3-em-cartao-inteligente-leitora-validade-de-03-anos\/\",\"url\":\"https:\/\/vegcertificado.com.br\/patrocinio\/product\/e-cpf-a3-em-cartao-inteligente-leitora-validade-de-03-anos\/\",\"name\":\"E-CPF A3 EM CART\u00c3O INTELIGENTE + LEITORA (VALIDADE DE 03 ANOS) - Certificado Digital\",\"isPartOf\":{\"@id\":\"https:\/\/vegcertificado.com.br\/patrocinio\/#website\"},\"primaryImageOfPage\":{\"@id\":\"https:\/\/vegcertificado.com.br\/patrocinio\/product\/e-cpf-a3-em-cartao-inteligente-leitora-validade-de-03-anos\/#primaryimage\"},\"image\":{\"@id\":\"https:\/\/vegcertificado.com.br\/patrocinio\/product\/e-cpf-a3-em-cartao-inteligente-leitora-validade-de-03-anos\/#primaryimage\"},\"thumbnailUrl\":\"https:\/\/vegcertificado.com.br\/patrocinio\/wp-content\/uploads\/2019\/07\/e-cpf-a3-em-cart\u00e3o-com-leitora.jpg\",\"datePublished\":\"2019-07-24T15:42:45+00:00\",\"dateModified\":\"2021-09-22T18:51:14+00:00\",\"breadcrumb\":{\"@id\":\"https:\/\/vegcertificado.com.br\/patrocinio\/product\/e-cpf-a3-em-cartao-inteligente-leitora-validade-de-03-anos\/#breadcrumb\"},\"inLanguage\":\"pt-BR\",\"potentialAction\":[{\"@type\":\"ReadAction\",\"target\":[\"https:\/\/vegcertificado.com.br\/patrocinio\/product\/e-cpf-a3-em-cartao-inteligente-leitora-validade-de-03-anos\/\"]}]},{\"@type\":\"ImageObject\",\"inLanguage\":\"pt-BR\",\"@id\":\"https:\/\/vegcertificado.com.br\/patrocinio\/product\/e-cpf-a3-em-cartao-inteligente-leitora-validade-de-03-anos\/#primaryimage\",\"url\":\"https:\/\/vegcertificado.com.br\/patrocinio\/wp-content\/uploads\/2019\/07\/e-cpf-a3-em-cart\u00e3o-com-leitora.jpg\",\"contentUrl\":\"https:\/\/vegcertificado.com.br\/patrocinio\/wp-content\/uploads\/2019\/07\/e-cpf-a3-em-cart\u00e3o-com-leitora.jpg\",\"width\":800,\"height\":800,\"caption\":\"E-CPF A3 EM CART\u00c3O INTELIGENTE\"},{\"@type\":\"BreadcrumbList\",\"@id\":\"https:\/\/vegcertificado.com.br\/patrocinio\/product\/e-cpf-a3-em-cartao-inteligente-leitora-validade-de-03-anos\/#breadcrumb\",\"itemListElement\":[{\"@type\":\"ListItem\",\"position\":1,\"name\":\"In\u00edcio\",\"item\":\"https:\/\/vegcertificado.com.br\/patrocinio\/\"},{\"@type\":\"ListItem\",\"position\":2,\"name\":\"Loja\",\"item\":\"https:\/\/vegcertificado.com.br\/patrocinio\/loja\/\"},{\"@type\":\"ListItem\",\"position\":3,\"name\":\"E-CPF A3 EM CART\u00c3O INTELIGENTE + LEITORA (VALIDADE DE 03 ANOS)\"}]},{\"@type\":\"WebSite\",\"@id\":\"https:\/\/vegcertificado.com.br\/patrocinio\/#website\",\"url\":\"https:\/\/vegcertificado.com.br\/patrocinio\/\",\"name\":\"Certificado Digital\",\"description\":\"Ribeir\u00e3o Preto\",\"potentialAction\":[{\"@type\":\"SearchAction\",\"target\":{\"@type\":\"EntryPoint\",\"urlTemplate\":\"https:\/\/vegcertificado.com.br\/patrocinio\/?s={search_term_string}\"},\"query-input\":{\"@type\":\"PropertyValueSpecification\",\"valueRequired\":true,\"valueName\":\"search_term_string\"}}],\"inLanguage\":\"pt-BR\"}]}<\/script>\n<!-- \/ Yoast SEO plugin. -->","yoast_head_json":{"title":"E-CPF A3 EM CART\u00c3O INTELIGENTE + LEITORA (VALIDADE DE 03 ANOS) - Certificado Digital","robots":{"index":"index","follow":"follow","max-snippet":"max-snippet:-1","max-image-preview":"max-image-preview:large","max-video-preview":"max-video-preview:-1"},"canonical":"https:\/\/vegcertificado.com.br\/patrocinio\/product\/e-cpf-a3-em-cartao-inteligente-leitora-validade-de-03-anos\/","og_locale":"pt_BR","og_type":"article","og_title":"E-CPF A3 EM CART\u00c3O INTELIGENTE + LEITORA (VALIDADE DE 03 ANOS) - Certificado Digital","og_description":"Certificado digital \u00e9 um arquivo eletr\u00f4nico desenvolvido para funcionar como assinatura digital com validade jur\u00eddica para transmiss\u00e3o de dados por pessoas f\u00edsicas, empresas, \u00f3rg\u00e3os p\u00fablicos, organiza\u00e7\u00f5es.","og_url":"https:\/\/vegcertificado.com.br\/patrocinio\/product\/e-cpf-a3-em-cartao-inteligente-leitora-validade-de-03-anos\/","og_site_name":"Certificado Digital","article_modified_time":"2021-09-22T18:51:14+00:00","og_image":[{"width":800,"height":800,"url":"https:\/\/vegcertificado.com.br\/patrocinio\/wp-content\/uploads\/2019\/07\/e-cpf-a3-em-cart\u00e3o-com-leitora.jpg","type":"image\/jpeg"}],"twitter_card":"summary_large_image","twitter_misc":{"Est. tempo de leitura":"1 minuto"},"schema":{"@context":"https:\/\/schema.org","@graph":[{"@type":"WebPage","@id":"https:\/\/vegcertificado.com.br\/patrocinio\/product\/e-cpf-a3-em-cartao-inteligente-leitora-validade-de-03-anos\/","url":"https:\/\/vegcertificado.com.br\/patrocinio\/product\/e-cpf-a3-em-cartao-inteligente-leitora-validade-de-03-anos\/","name":"E-CPF A3 EM CART\u00c3O INTELIGENTE + LEITORA (VALIDADE DE 03 ANOS) - Certificado Digital","isPartOf":{"@id":"https:\/\/vegcertificado.com.br\/patrocinio\/#website"},"primaryImageOfPage":{"@id":"https:\/\/vegcertificado.com.br\/patrocinio\/product\/e-cpf-a3-em-cartao-inteligente-leitora-validade-de-03-anos\/#primaryimage"},"image":{"@id":"https:\/\/vegcertificado.com.br\/patrocinio\/product\/e-cpf-a3-em-cartao-inteligente-leitora-validade-de-03-anos\/#primaryimage"},"thumbnailUrl":"https:\/\/vegcertificado.com.br\/patrocinio\/wp-content\/uploads\/2019\/07\/e-cpf-a3-em-cart\u00e3o-com-leitora.jpg","datePublished":"2019-07-24T15:42:45+00:00","dateModified":"2021-09-22T18:51:14+00:00","breadcrumb":{"@id":"https:\/\/vegcertificado.com.br\/patrocinio\/product\/e-cpf-a3-em-cartao-inteligente-leitora-validade-de-03-anos\/#breadcrumb"},"inLanguage":"pt-BR","potentialAction":[{"@type":"ReadAction","target":["https:\/\/vegcertificado.com.br\/patrocinio\/product\/e-cpf-a3-em-cartao-inteligente-leitora-validade-de-03-anos\/"]}]},{"@type":"ImageObject","inLanguage":"pt-BR","@id":"https:\/\/vegcertificado.com.br\/patrocinio\/product\/e-cpf-a3-em-cartao-inteligente-leitora-validade-de-03-anos\/#primaryimage","url":"https:\/\/vegcertificado.com.br\/patrocinio\/wp-content\/uploads\/2019\/07\/e-cpf-a3-em-cart\u00e3o-com-leitora.jpg","contentUrl":"https:\/\/vegcertificado.com.br\/patrocinio\/wp-content\/uploads\/2019\/07\/e-cpf-a3-em-cart\u00e3o-com-leitora.jpg","width":800,"height":800,"caption":"E-CPF A3 EM CART\u00c3O INTELIGENTE"},{"@type":"BreadcrumbList","@id":"https:\/\/vegcertificado.com.br\/patrocinio\/product\/e-cpf-a3-em-cartao-inteligente-leitora-validade-de-03-anos\/#breadcrumb","itemListElement":[{"@type":"ListItem","position":1,"name":"In\u00edcio","item":"https:\/\/vegcertificado.com.br\/patrocinio\/"},{"@type":"ListItem","position":2,"name":"Loja","item":"https:\/\/vegcertificado.com.br\/patrocinio\/loja\/"},{"@type":"ListItem","position":3,"name":"E-CPF A3 EM CART\u00c3O INTELIGENTE + LEITORA (VALIDADE DE 03 ANOS)"}]},{"@type":"WebSite","@id":"https:\/\/vegcertificado.com.br\/patrocinio\/#website","url":"https:\/\/vegcertificado.com.br\/patrocinio\/","name":"Certificado Digital","description":"Ribeir\u00e3o Preto","potentialAction":[{"@type":"SearchAction","target":{"@type":"EntryPoint","urlTemplate":"https:\/\/vegcertificado.com.br\/patrocinio\/?s={search_term_string}"},"query-input":{"@type":"PropertyValueSpecification","valueRequired":true,"valueName":"search_term_string"}}],"inLanguage":"pt-BR"}]}},"jetpack_sharing_enabled":true,"jetpack_likes_enabled":true,"_links":{"self":[{"href":"https:\/\/vegcertificado.com.br\/patrocinio\/wp-json\/wp\/v2\/product\/69","targetHints":{"allow":["GET"]}}],"collection":[{"href":"https:\/\/vegcertificado.com.br\/patrocinio\/wp-json\/wp\/v2\/product"}],"about":[{"href":"https:\/\/vegcertificado.com.br\/patrocinio\/wp-json\/wp\/v2\/types\/product"}],"replies":[{"embeddable":true,"href":"https:\/\/vegcertificado.com.br\/patrocinio\/wp-json\/wp\/v2\/comments?post=69"}],"wp:featuredmedia":[{"embeddable":true,"href":"https:\/\/vegcertificado.com.br\/patrocinio\/wp-json\/wp\/v2\/media\/5501"}],"wp:attachment":[{"href":"https:\/\/vegcertificado.com.br\/patrocinio\/wp-json\/wp\/v2\/media?parent=69"}],"wp:term":[{"taxonomy":"product_brand","embeddable":true,"href":"https:\/\/vegcertificado.com.br\/patrocinio\/wp-json\/wp\/v2\/product_brand?post=69"},{"taxonomy":"product_cat","embeddable":true,"href":"https:\/\/vegcertificado.com.br\/patrocinio\/wp-json\/wp\/v2\/product_cat?post=69"},{"taxonomy":"product_tag","embeddable":true,"href":"https:\/\/vegcertificado.com.br\/patrocinio\/wp-json\/wp\/v2\/product_tag?post=69"}],"curies":[{"name":"wp","href":"https:\/\/api.w.org\/{rel}","templated":true}]}}