{"id":54,"date":"2019-07-24T15:42:43","date_gmt":"2019-07-24T15:42:43","guid":{"rendered":"https:\/\/vegcampinas.com.br\/product\/e-cnpj-a1-no-arquivo-digital-validade-de-01-ano\/"},"modified":"2021-09-22T18:51:13","modified_gmt":"2021-09-22T18:51:13","slug":"e-cnpj-a1-no-arquivo-digital-validade-de-01-ano","status":"publish","type":"product","link":"https:\/\/vegcertificado.com.br\/patrocinio\/product\/e-cnpj-a1-no-arquivo-digital-validade-de-01-ano\/","title":{"rendered":"E-CNPJ A1 NO ARQUIVO DIGITAL (VALIDADE DE 01 ANO)"},"content":{"rendered":"<p>O e-CNPJ A1 \u00e9 um certificado digital gerado e armazenado no computador do usu\u00e1rio. Ele identifica pessoas jur\u00eddicas em meio eletr\u00f4nico por meio de um par de chaves criptogr\u00e1ficas Os dados podem ser protegidos por uma senha de acesso, criada pelo usu\u00e1rio.<\/p>\n","protected":false},"excerpt":{"rendered":"<p>Certificado digital \u00e9 um arquivo eletr\u00f4nico desenvolvido para funcionar como assinatura digital com validade jur\u00eddica para transmiss\u00e3o de dados por pessoas f\u00edsicas, empresas, \u00f3rg\u00e3os p\u00fablicos, organiza\u00e7\u00f5es.<\/p>\n<p>#certificadodigital<\/p>\n","protected":false},"featured_media":5488,"comment_status":"open","ping_status":"closed","template":"","meta":{"jetpack_publicize_message":"","jetpack_publicize_feature_enabled":true,"jetpack_social_post_already_shared":false,"jetpack_social_options":{"image_generator_settings":{"template":"highway","enabled":false},"version":2}},"product_brand":[],"product_cat":[16,18],"product_tag":[92],"class_list":{"0":"post-54","1":"product","2":"type-product","3":"status-publish","4":"has-post-thumbnail","6":"product_cat-certificado-digital","7":"product_cat-e-cnpj","8":"product_tag-e-cnpj-a1-no-arquivo-digital","10":"first","11":"instock","12":"featured","13":"shipping-taxable","14":"product-type-external"},"jetpack_publicize_connections":[],"yoast_head":"<!-- This site is optimized with the Yoast SEO plugin v27.2 - https:\/\/yoast.com\/product\/yoast-seo-wordpress\/ -->\n<title>E-CNPJ A1 NO ARQUIVO DIGITAL (VALIDADE DE 01 ANO) - Certificado Digital<\/title>\n<meta name=\"robots\" content=\"index, follow, max-snippet:-1, max-image-preview:large, max-video-preview:-1\" \/>\n<link rel=\"canonical\" href=\"https:\/\/vegcertificado.com.br\/patrocinio\/product\/e-cnpj-a1-no-arquivo-digital-validade-de-01-ano\/\" \/>\n<meta property=\"og:locale\" content=\"pt_BR\" \/>\n<meta property=\"og:type\" content=\"article\" \/>\n<meta property=\"og:title\" content=\"E-CNPJ A1 NO ARQUIVO DIGITAL (VALIDADE DE 01 ANO) - Certificado Digital\" \/>\n<meta property=\"og:description\" content=\"Certificado digital \u00e9 um arquivo eletr\u00f4nico desenvolvido para funcionar como assinatura digital com validade jur\u00eddica para transmiss\u00e3o de dados por pessoas f\u00edsicas, empresas, \u00f3rg\u00e3os p\u00fablicos, organiza\u00e7\u00f5es. #certificadodigital\" \/>\n<meta property=\"og:url\" content=\"https:\/\/vegcertificado.com.br\/patrocinio\/product\/e-cnpj-a1-no-arquivo-digital-validade-de-01-ano\/\" \/>\n<meta property=\"og:site_name\" content=\"Certificado Digital\" \/>\n<meta property=\"article:modified_time\" content=\"2021-09-22T18:51:13+00:00\" \/>\n<meta property=\"og:image\" content=\"https:\/\/vegcertificado.com.br\/patrocinio\/wp-content\/uploads\/2019\/07\/e-cnpj-a1-ribeir\u00e3o-preto.jpg\" \/>\n\t<meta property=\"og:image:width\" content=\"800\" \/>\n\t<meta property=\"og:image:height\" content=\"800\" \/>\n\t<meta property=\"og:image:type\" content=\"image\/jpeg\" \/>\n<meta name=\"twitter:card\" content=\"summary_large_image\" \/>\n<script type=\"application\/ld+json\" class=\"yoast-schema-graph\">{\"@context\":\"https:\/\/schema.org\",\"@graph\":[{\"@type\":\"WebPage\",\"@id\":\"https:\/\/vegcertificado.com.br\/patrocinio\/product\/e-cnpj-a1-no-arquivo-digital-validade-de-01-ano\/\",\"url\":\"https:\/\/vegcertificado.com.br\/patrocinio\/product\/e-cnpj-a1-no-arquivo-digital-validade-de-01-ano\/\",\"name\":\"E-CNPJ A1 NO ARQUIVO DIGITAL (VALIDADE DE 01 ANO) - Certificado Digital\",\"isPartOf\":{\"@id\":\"https:\/\/vegcertificado.com.br\/patrocinio\/#website\"},\"primaryImageOfPage\":{\"@id\":\"https:\/\/vegcertificado.com.br\/patrocinio\/product\/e-cnpj-a1-no-arquivo-digital-validade-de-01-ano\/#primaryimage\"},\"image\":{\"@id\":\"https:\/\/vegcertificado.com.br\/patrocinio\/product\/e-cnpj-a1-no-arquivo-digital-validade-de-01-ano\/#primaryimage\"},\"thumbnailUrl\":\"https:\/\/vegcertificado.com.br\/patrocinio\/wp-content\/uploads\/2019\/07\/e-cnpj-a1-ribeir\u00e3o-preto.jpg\",\"datePublished\":\"2019-07-24T15:42:43+00:00\",\"dateModified\":\"2021-09-22T18:51:13+00:00\",\"breadcrumb\":{\"@id\":\"https:\/\/vegcertificado.com.br\/patrocinio\/product\/e-cnpj-a1-no-arquivo-digital-validade-de-01-ano\/#breadcrumb\"},\"inLanguage\":\"pt-BR\",\"potentialAction\":[{\"@type\":\"ReadAction\",\"target\":[\"https:\/\/vegcertificado.com.br\/patrocinio\/product\/e-cnpj-a1-no-arquivo-digital-validade-de-01-ano\/\"]}]},{\"@type\":\"ImageObject\",\"inLanguage\":\"pt-BR\",\"@id\":\"https:\/\/vegcertificado.com.br\/patrocinio\/product\/e-cnpj-a1-no-arquivo-digital-validade-de-01-ano\/#primaryimage\",\"url\":\"https:\/\/vegcertificado.com.br\/patrocinio\/wp-content\/uploads\/2019\/07\/e-cnpj-a1-ribeir\u00e3o-preto.jpg\",\"contentUrl\":\"https:\/\/vegcertificado.com.br\/patrocinio\/wp-content\/uploads\/2019\/07\/e-cnpj-a1-ribeir\u00e3o-preto.jpg\",\"width\":800,\"height\":800,\"caption\":\"E-CNPJ A1 NO ARQUIVO DIGITAL\"},{\"@type\":\"BreadcrumbList\",\"@id\":\"https:\/\/vegcertificado.com.br\/patrocinio\/product\/e-cnpj-a1-no-arquivo-digital-validade-de-01-ano\/#breadcrumb\",\"itemListElement\":[{\"@type\":\"ListItem\",\"position\":1,\"name\":\"In\u00edcio\",\"item\":\"https:\/\/vegcertificado.com.br\/patrocinio\/\"},{\"@type\":\"ListItem\",\"position\":2,\"name\":\"Loja\",\"item\":\"https:\/\/vegcertificado.com.br\/patrocinio\/loja\/\"},{\"@type\":\"ListItem\",\"position\":3,\"name\":\"E-CNPJ A1 NO ARQUIVO DIGITAL (VALIDADE DE 01 ANO)\"}]},{\"@type\":\"WebSite\",\"@id\":\"https:\/\/vegcertificado.com.br\/patrocinio\/#website\",\"url\":\"https:\/\/vegcertificado.com.br\/patrocinio\/\",\"name\":\"Certificado Digital\",\"description\":\"Ribeir\u00e3o Preto\",\"potentialAction\":[{\"@type\":\"SearchAction\",\"target\":{\"@type\":\"EntryPoint\",\"urlTemplate\":\"https:\/\/vegcertificado.com.br\/patrocinio\/?s={search_term_string}\"},\"query-input\":{\"@type\":\"PropertyValueSpecification\",\"valueRequired\":true,\"valueName\":\"search_term_string\"}}],\"inLanguage\":\"pt-BR\"}]}<\/script>\n<!-- \/ Yoast SEO plugin. -->","yoast_head_json":{"title":"E-CNPJ A1 NO ARQUIVO DIGITAL (VALIDADE DE 01 ANO) - Certificado Digital","robots":{"index":"index","follow":"follow","max-snippet":"max-snippet:-1","max-image-preview":"max-image-preview:large","max-video-preview":"max-video-preview:-1"},"canonical":"https:\/\/vegcertificado.com.br\/patrocinio\/product\/e-cnpj-a1-no-arquivo-digital-validade-de-01-ano\/","og_locale":"pt_BR","og_type":"article","og_title":"E-CNPJ A1 NO ARQUIVO DIGITAL (VALIDADE DE 01 ANO) - Certificado Digital","og_description":"Certificado digital \u00e9 um arquivo eletr\u00f4nico desenvolvido para funcionar como assinatura digital com validade jur\u00eddica para transmiss\u00e3o de dados por pessoas f\u00edsicas, empresas, \u00f3rg\u00e3os p\u00fablicos, organiza\u00e7\u00f5es. #certificadodigital","og_url":"https:\/\/vegcertificado.com.br\/patrocinio\/product\/e-cnpj-a1-no-arquivo-digital-validade-de-01-ano\/","og_site_name":"Certificado Digital","article_modified_time":"2021-09-22T18:51:13+00:00","og_image":[{"width":800,"height":800,"url":"https:\/\/vegcertificado.com.br\/patrocinio\/wp-content\/uploads\/2019\/07\/e-cnpj-a1-ribeir\u00e3o-preto.jpg","type":"image\/jpeg"}],"twitter_card":"summary_large_image","schema":{"@context":"https:\/\/schema.org","@graph":[{"@type":"WebPage","@id":"https:\/\/vegcertificado.com.br\/patrocinio\/product\/e-cnpj-a1-no-arquivo-digital-validade-de-01-ano\/","url":"https:\/\/vegcertificado.com.br\/patrocinio\/product\/e-cnpj-a1-no-arquivo-digital-validade-de-01-ano\/","name":"E-CNPJ A1 NO ARQUIVO DIGITAL (VALIDADE DE 01 ANO) - Certificado Digital","isPartOf":{"@id":"https:\/\/vegcertificado.com.br\/patrocinio\/#website"},"primaryImageOfPage":{"@id":"https:\/\/vegcertificado.com.br\/patrocinio\/product\/e-cnpj-a1-no-arquivo-digital-validade-de-01-ano\/#primaryimage"},"image":{"@id":"https:\/\/vegcertificado.com.br\/patrocinio\/product\/e-cnpj-a1-no-arquivo-digital-validade-de-01-ano\/#primaryimage"},"thumbnailUrl":"https:\/\/vegcertificado.com.br\/patrocinio\/wp-content\/uploads\/2019\/07\/e-cnpj-a1-ribeir\u00e3o-preto.jpg","datePublished":"2019-07-24T15:42:43+00:00","dateModified":"2021-09-22T18:51:13+00:00","breadcrumb":{"@id":"https:\/\/vegcertificado.com.br\/patrocinio\/product\/e-cnpj-a1-no-arquivo-digital-validade-de-01-ano\/#breadcrumb"},"inLanguage":"pt-BR","potentialAction":[{"@type":"ReadAction","target":["https:\/\/vegcertificado.com.br\/patrocinio\/product\/e-cnpj-a1-no-arquivo-digital-validade-de-01-ano\/"]}]},{"@type":"ImageObject","inLanguage":"pt-BR","@id":"https:\/\/vegcertificado.com.br\/patrocinio\/product\/e-cnpj-a1-no-arquivo-digital-validade-de-01-ano\/#primaryimage","url":"https:\/\/vegcertificado.com.br\/patrocinio\/wp-content\/uploads\/2019\/07\/e-cnpj-a1-ribeir\u00e3o-preto.jpg","contentUrl":"https:\/\/vegcertificado.com.br\/patrocinio\/wp-content\/uploads\/2019\/07\/e-cnpj-a1-ribeir\u00e3o-preto.jpg","width":800,"height":800,"caption":"E-CNPJ A1 NO ARQUIVO DIGITAL"},{"@type":"BreadcrumbList","@id":"https:\/\/vegcertificado.com.br\/patrocinio\/product\/e-cnpj-a1-no-arquivo-digital-validade-de-01-ano\/#breadcrumb","itemListElement":[{"@type":"ListItem","position":1,"name":"In\u00edcio","item":"https:\/\/vegcertificado.com.br\/patrocinio\/"},{"@type":"ListItem","position":2,"name":"Loja","item":"https:\/\/vegcertificado.com.br\/patrocinio\/loja\/"},{"@type":"ListItem","position":3,"name":"E-CNPJ A1 NO ARQUIVO DIGITAL (VALIDADE DE 01 ANO)"}]},{"@type":"WebSite","@id":"https:\/\/vegcertificado.com.br\/patrocinio\/#website","url":"https:\/\/vegcertificado.com.br\/patrocinio\/","name":"Certificado Digital","description":"Ribeir\u00e3o Preto","potentialAction":[{"@type":"SearchAction","target":{"@type":"EntryPoint","urlTemplate":"https:\/\/vegcertificado.com.br\/patrocinio\/?s={search_term_string}"},"query-input":{"@type":"PropertyValueSpecification","valueRequired":true,"valueName":"search_term_string"}}],"inLanguage":"pt-BR"}]}},"jetpack_sharing_enabled":true,"jetpack_likes_enabled":true,"_links":{"self":[{"href":"https:\/\/vegcertificado.com.br\/patrocinio\/wp-json\/wp\/v2\/product\/54","targetHints":{"allow":["GET"]}}],"collection":[{"href":"https:\/\/vegcertificado.com.br\/patrocinio\/wp-json\/wp\/v2\/product"}],"about":[{"href":"https:\/\/vegcertificado.com.br\/patrocinio\/wp-json\/wp\/v2\/types\/product"}],"replies":[{"embeddable":true,"href":"https:\/\/vegcertificado.com.br\/patrocinio\/wp-json\/wp\/v2\/comments?post=54"}],"wp:featuredmedia":[{"embeddable":true,"href":"https:\/\/vegcertificado.com.br\/patrocinio\/wp-json\/wp\/v2\/media\/5488"}],"wp:attachment":[{"href":"https:\/\/vegcertificado.com.br\/patrocinio\/wp-json\/wp\/v2\/media?parent=54"}],"wp:term":[{"taxonomy":"product_brand","embeddable":true,"href":"https:\/\/vegcertificado.com.br\/patrocinio\/wp-json\/wp\/v2\/product_brand?post=54"},{"taxonomy":"product_cat","embeddable":true,"href":"https:\/\/vegcertificado.com.br\/patrocinio\/wp-json\/wp\/v2\/product_cat?post=54"},{"taxonomy":"product_tag","embeddable":true,"href":"https:\/\/vegcertificado.com.br\/patrocinio\/wp-json\/wp\/v2\/product_tag?post=54"}],"curies":[{"name":"wp","href":"https:\/\/api.w.org\/{rel}","templated":true}]}}