{"id":303,"date":"2019-07-29T10:10:02","date_gmt":"2019-07-29T10:10:02","guid":{"rendered":"http:\/\/vegcampinas.com.br\/?page_id=303"},"modified":"2021-05-20T13:01:44","modified_gmt":"2021-05-20T13:01:44","slug":"fast-delivery","status":"publish","type":"page","link":"https:\/\/vegcertificado.com.br\/patrocinio\/fast-delivery\/","title":{"rendered":"Fast Delivery"},"content":{"rendered":"\n<p>Com o servi\u00e7o <strong><em>&#8216;Fast Delivery&#8217; <\/em><\/strong>o cliente poder\u00e1 optar  pela comodidade de emitir seu certificado digital  sem sair de casa ou do escrit\u00f3rio.<\/p>\n\n\n\n<figure class=\"wp-block-image\"><img loading=\"lazy\" decoding=\"async\" width=\"760\" height=\"542\" src=\"https:\/\/vegcampinas.com.br\/wp-content\/uploads\/2019\/07\/FAST-DELIVERY.jpg\" alt=\"\" class=\"wp-image-304\" srcset=\"https:\/\/vegcertificado.com.br\/patrocinio\/wp-content\/uploads\/2019\/07\/FAST-DELIVERY.jpg 760w, https:\/\/vegcertificado.com.br\/patrocinio\/wp-content\/uploads\/2019\/07\/FAST-DELIVERY-300x214.jpg 300w\" sizes=\"auto, (max-width: 760px) 100vw, 760px\" \/><\/figure>\n\n\n\n<p>Um Agente de Registro V&amp;G comparecer\u00e1 at\u00e9 o seu estabelecimento e<br>\nrealizar\u00e1 a emiss\u00e3o do certificado no local.<\/p>\n\n\n\n<p>Trata-se de um servi\u00e7o diferenciado, que prioriza o bem-estar dos<br>empres\u00e1rios, al\u00e9m de fazer com que esses economizem tempo e dinheiro,<br>uma vez que n\u00e3o ser\u00e1 necess\u00e1rio o deslocamento at\u00e9 um posto de<br>atendimento V&amp;G.<\/p>\n","protected":false},"excerpt":{"rendered":"<p>Com o servi\u00e7o &#8216;Fast Delivery&#8217; o cliente poder\u00e1 optar pela comodidade de emitir seu certificado digital sem sair de casa ou do escrit\u00f3rio. Um Agente de Registro V&amp;G comparecer\u00e1 at\u00e9 o seu estabelecimento e realizar\u00e1 a emiss\u00e3o do certificado no local. Trata-se de um servi\u00e7o diferenciado, que prioriza o bem-estar dosempres\u00e1rios, al\u00e9m de fazer com [&#8230;]\n","protected":false},"author":1,"featured_media":0,"parent":0,"menu_order":0,"comment_status":"closed","ping_status":"closed","template":"","meta":{"footnotes":""},"class_list":["post-303","page","type-page","status-publish","hentry"],"yoast_head":"<!-- This site is optimized with the Yoast SEO plugin v27.2 - https:\/\/yoast.com\/product\/yoast-seo-wordpress\/ -->\n<title>Fast Delivery - Certificado Digital<\/title>\n<meta name=\"robots\" content=\"index, follow, max-snippet:-1, max-image-preview:large, max-video-preview:-1\" \/>\n<link rel=\"canonical\" href=\"https:\/\/vegcertificado.com.br\/patrocinio\/fast-delivery\/\" \/>\n<meta property=\"og:locale\" content=\"pt_BR\" \/>\n<meta property=\"og:type\" content=\"article\" \/>\n<meta property=\"og:title\" content=\"Fast Delivery - Certificado Digital\" \/>\n<meta property=\"og:description\" content=\"Com o servi\u00e7o &#8216;Fast Delivery&#8217; o cliente poder\u00e1 optar pela comodidade de emitir seu certificado digital sem sair de casa ou do escrit\u00f3rio. Um Agente de Registro V&amp;G comparecer\u00e1 at\u00e9 o seu estabelecimento e realizar\u00e1 a emiss\u00e3o do certificado no local. Trata-se de um servi\u00e7o diferenciado, que prioriza o bem-estar dosempres\u00e1rios, al\u00e9m de fazer com [...]\" \/>\n<meta property=\"og:url\" content=\"https:\/\/vegcertificado.com.br\/patrocinio\/fast-delivery\/\" \/>\n<meta property=\"og:site_name\" content=\"Certificado Digital\" \/>\n<meta property=\"article:modified_time\" content=\"2021-05-20T13:01:44+00:00\" \/>\n<meta property=\"og:image\" content=\"https:\/\/vegcampinas.com.br\/wp-content\/uploads\/2019\/07\/FAST-DELIVERY.jpg\" \/>\n<meta name=\"twitter:card\" content=\"summary_large_image\" \/>\n<script type=\"application\/ld+json\" class=\"yoast-schema-graph\">{\"@context\":\"https:\/\/schema.org\",\"@graph\":[{\"@type\":\"WebPage\",\"@id\":\"https:\/\/vegcertificado.com.br\/patrocinio\/fast-delivery\/\",\"url\":\"https:\/\/vegcertificado.com.br\/patrocinio\/fast-delivery\/\",\"name\":\"Fast Delivery - Certificado Digital\",\"isPartOf\":{\"@id\":\"https:\/\/vegcertificado.com.br\/patrocinio\/#website\"},\"primaryImageOfPage\":{\"@id\":\"https:\/\/vegcertificado.com.br\/patrocinio\/fast-delivery\/#primaryimage\"},\"image\":{\"@id\":\"https:\/\/vegcertificado.com.br\/patrocinio\/fast-delivery\/#primaryimage\"},\"thumbnailUrl\":\"https:\/\/vegcampinas.com.br\/wp-content\/uploads\/2019\/07\/FAST-DELIVERY.jpg\",\"datePublished\":\"2019-07-29T10:10:02+00:00\",\"dateModified\":\"2021-05-20T13:01:44+00:00\",\"breadcrumb\":{\"@id\":\"https:\/\/vegcertificado.com.br\/patrocinio\/fast-delivery\/#breadcrumb\"},\"inLanguage\":\"pt-BR\",\"potentialAction\":[{\"@type\":\"ReadAction\",\"target\":[\"https:\/\/vegcertificado.com.br\/patrocinio\/fast-delivery\/\"]}]},{\"@type\":\"ImageObject\",\"inLanguage\":\"pt-BR\",\"@id\":\"https:\/\/vegcertificado.com.br\/patrocinio\/fast-delivery\/#primaryimage\",\"url\":\"https:\/\/vegcampinas.com.br\/wp-content\/uploads\/2019\/07\/FAST-DELIVERY.jpg\",\"contentUrl\":\"https:\/\/vegcampinas.com.br\/wp-content\/uploads\/2019\/07\/FAST-DELIVERY.jpg\"},{\"@type\":\"BreadcrumbList\",\"@id\":\"https:\/\/vegcertificado.com.br\/patrocinio\/fast-delivery\/#breadcrumb\",\"itemListElement\":[{\"@type\":\"ListItem\",\"position\":1,\"name\":\"In\u00edcio\",\"item\":\"https:\/\/vegcertificado.com.br\/patrocinio\/\"},{\"@type\":\"ListItem\",\"position\":2,\"name\":\"Fast Delivery\"}]},{\"@type\":\"WebSite\",\"@id\":\"https:\/\/vegcertificado.com.br\/patrocinio\/#website\",\"url\":\"https:\/\/vegcertificado.com.br\/patrocinio\/\",\"name\":\"Certificado Digital\",\"description\":\"Ribeir\u00e3o Preto\",\"potentialAction\":[{\"@type\":\"SearchAction\",\"target\":{\"@type\":\"EntryPoint\",\"urlTemplate\":\"https:\/\/vegcertificado.com.br\/patrocinio\/?s={search_term_string}\"},\"query-input\":{\"@type\":\"PropertyValueSpecification\",\"valueRequired\":true,\"valueName\":\"search_term_string\"}}],\"inLanguage\":\"pt-BR\"}]}<\/script>\n<!-- \/ Yoast SEO plugin. -->","yoast_head_json":{"title":"Fast Delivery - Certificado Digital","robots":{"index":"index","follow":"follow","max-snippet":"max-snippet:-1","max-image-preview":"max-image-preview:large","max-video-preview":"max-video-preview:-1"},"canonical":"https:\/\/vegcertificado.com.br\/patrocinio\/fast-delivery\/","og_locale":"pt_BR","og_type":"article","og_title":"Fast Delivery - Certificado Digital","og_description":"Com o servi\u00e7o &#8216;Fast Delivery&#8217; o cliente poder\u00e1 optar pela comodidade de emitir seu certificado digital sem sair de casa ou do escrit\u00f3rio. Um Agente de Registro V&amp;G comparecer\u00e1 at\u00e9 o seu estabelecimento e realizar\u00e1 a emiss\u00e3o do certificado no local. Trata-se de um servi\u00e7o diferenciado, que prioriza o bem-estar dosempres\u00e1rios, al\u00e9m de fazer com [...]","og_url":"https:\/\/vegcertificado.com.br\/patrocinio\/fast-delivery\/","og_site_name":"Certificado Digital","article_modified_time":"2021-05-20T13:01:44+00:00","og_image":[{"url":"https:\/\/vegcampinas.com.br\/wp-content\/uploads\/2019\/07\/FAST-DELIVERY.jpg","type":"","width":"","height":""}],"twitter_card":"summary_large_image","schema":{"@context":"https:\/\/schema.org","@graph":[{"@type":"WebPage","@id":"https:\/\/vegcertificado.com.br\/patrocinio\/fast-delivery\/","url":"https:\/\/vegcertificado.com.br\/patrocinio\/fast-delivery\/","name":"Fast Delivery - Certificado Digital","isPartOf":{"@id":"https:\/\/vegcertificado.com.br\/patrocinio\/#website"},"primaryImageOfPage":{"@id":"https:\/\/vegcertificado.com.br\/patrocinio\/fast-delivery\/#primaryimage"},"image":{"@id":"https:\/\/vegcertificado.com.br\/patrocinio\/fast-delivery\/#primaryimage"},"thumbnailUrl":"https:\/\/vegcampinas.com.br\/wp-content\/uploads\/2019\/07\/FAST-DELIVERY.jpg","datePublished":"2019-07-29T10:10:02+00:00","dateModified":"2021-05-20T13:01:44+00:00","breadcrumb":{"@id":"https:\/\/vegcertificado.com.br\/patrocinio\/fast-delivery\/#breadcrumb"},"inLanguage":"pt-BR","potentialAction":[{"@type":"ReadAction","target":["https:\/\/vegcertificado.com.br\/patrocinio\/fast-delivery\/"]}]},{"@type":"ImageObject","inLanguage":"pt-BR","@id":"https:\/\/vegcertificado.com.br\/patrocinio\/fast-delivery\/#primaryimage","url":"https:\/\/vegcampinas.com.br\/wp-content\/uploads\/2019\/07\/FAST-DELIVERY.jpg","contentUrl":"https:\/\/vegcampinas.com.br\/wp-content\/uploads\/2019\/07\/FAST-DELIVERY.jpg"},{"@type":"BreadcrumbList","@id":"https:\/\/vegcertificado.com.br\/patrocinio\/fast-delivery\/#breadcrumb","itemListElement":[{"@type":"ListItem","position":1,"name":"In\u00edcio","item":"https:\/\/vegcertificado.com.br\/patrocinio\/"},{"@type":"ListItem","position":2,"name":"Fast Delivery"}]},{"@type":"WebSite","@id":"https:\/\/vegcertificado.com.br\/patrocinio\/#website","url":"https:\/\/vegcertificado.com.br\/patrocinio\/","name":"Certificado Digital","description":"Ribeir\u00e3o Preto","potentialAction":[{"@type":"SearchAction","target":{"@type":"EntryPoint","urlTemplate":"https:\/\/vegcertificado.com.br\/patrocinio\/?s={search_term_string}"},"query-input":{"@type":"PropertyValueSpecification","valueRequired":true,"valueName":"search_term_string"}}],"inLanguage":"pt-BR"}]}},"jetpack_sharing_enabled":true,"jetpack_likes_enabled":true,"_links":{"self":[{"href":"https:\/\/vegcertificado.com.br\/patrocinio\/wp-json\/wp\/v2\/pages\/303","targetHints":{"allow":["GET"]}}],"collection":[{"href":"https:\/\/vegcertificado.com.br\/patrocinio\/wp-json\/wp\/v2\/pages"}],"about":[{"href":"https:\/\/vegcertificado.com.br\/patrocinio\/wp-json\/wp\/v2\/types\/page"}],"author":[{"embeddable":true,"href":"https:\/\/vegcertificado.com.br\/patrocinio\/wp-json\/wp\/v2\/users\/1"}],"replies":[{"embeddable":true,"href":"https:\/\/vegcertificado.com.br\/patrocinio\/wp-json\/wp\/v2\/comments?post=303"}],"version-history":[{"count":3,"href":"https:\/\/vegcertificado.com.br\/patrocinio\/wp-json\/wp\/v2\/pages\/303\/revisions"}],"predecessor-version":[{"id":5624,"href":"https:\/\/vegcertificado.com.br\/patrocinio\/wp-json\/wp\/v2\/pages\/303\/revisions\/5624"}],"wp:attachment":[{"href":"https:\/\/vegcertificado.com.br\/patrocinio\/wp-json\/wp\/v2\/media?parent=303"}],"curies":[{"name":"wp","href":"https:\/\/api.w.org\/{rel}","templated":true}]}}