{"id":135,"date":"2019-07-24T22:22:47","date_gmt":"2019-07-24T22:22:47","guid":{"rendered":"https:\/\/vegcampinas.com.br\/?page_id=135"},"modified":"2019-08-07T19:18:54","modified_gmt":"2019-08-07T19:18:54","slug":"documentacao","status":"publish","type":"page","link":"https:\/\/vegcertificado.com.br\/patrocinio\/documentacao\/","title":{"rendered":"Documenta\u00e7\u00e3o"},"content":{"rendered":"\n<div class=\"slider-wrapper relative \" id=\"slider-1610740708\" >\n    <div class=\"slider slider-nav-circle slider-nav-large slider-nav-light slider-style-normal\"\n        data-flickity-options='{\n            \"cellAlign\": \"center\",\n            \"imagesLoaded\": true,\n            \"lazyLoad\": 1,\n            \"freeScroll\": false,\n            \"wrapAround\": true,\n            \"autoPlay\": 6000,\n            \"pauseAutoPlayOnHover\" : true,\n            \"prevNextButtons\": true,\n            \"contain\" : true,\n            \"adaptiveHeight\" : true,\n            \"dragThreshold\" : 10,\n            \"percentPosition\": true,\n            \"pageDots\": true,\n            \"rightToLeft\": false,\n            \"draggable\": true,\n            \"selectedAttraction\": 0.1,\n            \"parallax\" : 0,\n            \"friction\": 0.6        }'\n        >\n        \n\n\n  <div class=\"banner has-hover has-slide-effect slide-fade-in\" id=\"banner-576513334\">\n          <div class=\"banner-inner fill\">\n        <div class=\"banner-bg fill\" >\n            <div class=\"bg fill bg-fill \"><\/div>\n                                    \n                    <\/div><!-- bg-layers -->\n        <div class=\"banner-layers container\">\n            <div class=\"fill banner-link\"><\/div>            \n\n   <div id=\"text-box-489139887\" class=\"text-box banner-layer x0 md-x50 lg-x50 y40 md-y50 lg-y50 res-text\">\n                                <div class=\"text dark text-shadow-1\">\n              \n              <div class=\"text-inner text-center\">\n                  \n\n<h1><span style=\"color: #f99b1c;\">DOCUMENTA\u00c7\u00c3O<\/span><\/h1>\n\n              <\/div>\n           <\/div><!-- text-box-inner -->\n                            \n<style scope=\"scope\">\n\n#text-box-489139887 {\n  width: 100%;\n}\n#text-box-489139887 .text {\n  font-size: 100%;\n}\n\n\n@media (min-width:550px) {\n\n  #text-box-489139887 {\n    width: 60%;\n  }\n\n}\n<\/style>\n    <\/div><!-- text-box -->\n \n\n        <\/div><!-- .banner-layers -->\n      <\/div><!-- .banner-inner -->\n\n            \n<style scope=\"scope\">\n\n#banner-576513334 {\n  padding-top: 369px;\n}\n#banner-576513334 .bg.bg-loaded {\n  background-image: url(https:\/\/vegcertificado.com.br\/patrocinio\/wp-content\/uploads\/2019\/08\/certificado-digital-a1-1024x678.jpg);\n}\n#banner-576513334 .bg {\n  background-position: 46% 52%;\n}\n\n\n@media (min-width:550px) {\n\n  #banner-576513334 {\n    padding-top: 601px;\n  }\n\n}\n<\/style>\n  <\/div><!-- .banner -->\n\n\n\n     <\/div>\n\n     <div class=\"loading-spin dark large centered\"><\/div>\n\n     <style scope=\"scope\">\n             <\/style>\n<\/div><!-- .ux-slider-wrapper -->\n\n\n\t<section class=\"section\" id=\"section_1624311065\">\n\t\t<div class=\"bg section-bg fill bg-fill  bg-loaded\" >\n\n\t\t\t\n\t\t\t\n\t\t\t\n\n\t\t<\/div><!-- .section-bg -->\n\n\t\t<div class=\"section-content relative\">\n\t\t\t\n\n<div class=\"row\"  id=\"row-708410974\">\n\n<div class=\"col medium-6 small-12 large-6\"  ><div class=\"col-inner\"  >\n\n\t<div class=\"img has-hover x md-x lg-x y md-y lg-y\" id=\"image_97866076\">\n\t\t\t\t\t\t\t\t<div class=\"img-inner dark\" >\n\t\t\t<img loading=\"lazy\" decoding=\"async\" width=\"1020\" height=\"680\" src=\"https:\/\/vegcertificado.com.br\/patrocinio\/wp-content\/uploads\/2019\/08\/certificdo-digital-1024x683.jpg\" class=\"attachment-large size-large\" alt=\"Certificado digital ribeir\u00e3o preto\" srcset=\"https:\/\/vegcertificado.com.br\/patrocinio\/wp-content\/uploads\/2019\/08\/certificdo-digital-1024x683.jpg 1024w, https:\/\/vegcertificado.com.br\/patrocinio\/wp-content\/uploads\/2019\/08\/certificdo-digital-300x200.jpg 300w, https:\/\/vegcertificado.com.br\/patrocinio\/wp-content\/uploads\/2019\/08\/certificdo-digital-768x512.jpg 768w, https:\/\/vegcertificado.com.br\/patrocinio\/wp-content\/uploads\/2019\/08\/certificdo-digital-800x533.jpg 800w, https:\/\/vegcertificado.com.br\/patrocinio\/wp-content\/uploads\/2019\/08\/certificdo-digital.jpg 1920w\" sizes=\"auto, (max-width: 1020px) 100vw, 1020px\" \/>\t\t\t\t\t\t\n\t\t\t\t\t<\/div>\n\t\t\t\t\t\t\t\t\n<style scope=\"scope\">\n\n#image_97866076 {\n  width: 100%;\n}\n<\/style>\n\t<\/div>\n\t\n\n\n<\/div><\/div>\n<div class=\"col medium-6 small-12 large-6\"  ><div class=\"col-inner\"  >\n\n<div><strong>Referentes \u00e0 empresa:<\/strong><\/div>\n<div>-Documento de constitui\u00e7\u00e3o da empresa (Estatuto, Contrato social ou requerimento de empres\u00e1rio) + \u00faltima altera\u00e7\u00e3o contratual (se houver); devidamente registrados nos \u00f3rg\u00e3os competentes;<\/div>\n<div>-Documentos de Elei\u00e7\u00e3o da diretoria vigente, quando aplic\u00e1vel;<\/div>\n<div>-Cart\u00e3o CNPJ atualizado;<\/div>\n<div>&nbsp;<\/div>\n<div><strong>Referentes ao Representante Legal Cadastrado na Receita Federal:<\/strong><\/div>\n<div>-Documentos de identifica\u00e7\u00e3o, podendo ser a Carteira de Identidade, CNH (tamb\u00e9m pode ser o modelo digital); Carteira Profissional, como OAB, CRC, CREA e CRM; Passaporte; Carteira de trabalho (apenas modelo novo).&nbsp;<\/div>\n<div>&nbsp;<\/div>\n<div>* Caso a \u00faltima altera\u00e7\u00e3o contratual esteja junto com a consolida\u00e7\u00e3o, n\u00e3o ser\u00e1 necess\u00e1rio o documento de constitui\u00e7\u00e3o.<\/div>\n\n<\/div><\/div>\n\n<\/div>\n\n\t\t<\/div><!-- .section-content -->\n\n\t\t\n<style scope=\"scope\">\n\n#section_1624311065 {\n  padding-top: 30px;\n  padding-bottom: 30px;\n}\n<\/style>\n\t<\/section>\n\t\n\t<section class=\"section\" id=\"section_1429131862\">\n\t\t<div class=\"bg section-bg fill bg-fill  bg-loaded\" >\n\n\t\t\t\n\t\t\t\n\t\t\t\n\n\t\t<\/div><!-- .section-bg -->\n\n\t\t<div class=\"section-content relative\">\n\t\t\t\n\n<div class=\"row\"  id=\"row-1241555729\">\n\n<div class=\"col medium-6 small-12 large-6\"  ><div class=\"col-inner\"  >\n\n<div>Pessoa Jur\u00eddica<\/div>\n<div>&nbsp;<\/div>\n<div>Referentes \u00e0 empresa<\/div>\n<div>-Documento de constitui\u00e7\u00e3o da empresa (Estatuto, Contrato social ou requerimento de empres\u00e1rio) + \u00faltima altera\u00e7\u00e3o contratual (se houver); devidamente registrados nos \u00f3rg\u00e3os competentes;<\/div>\n<div>-Documentos de Elei\u00e7\u00e3o da diretoria vigente, quando aplic\u00e1vel;<\/div>\n<div>-Cart\u00e3o CNPJ atualizado;<\/div>\n<div>&nbsp;<\/div>\n<div>Referentes ao Representante Legal Cadastrado na Receita Federal:<\/div>\n<div>-Documentos de identifica\u00e7\u00e3o, podendo ser a Carteira de Identidade, CNH (tamb\u00e9m pode ser o modelo digital); Carteira Profissional, como OAB, CRC, CREA e CRM; Passaporte; Carteira de trabalho (apenas modelo novo).&nbsp;<\/div>\n<div>&nbsp;<\/div>\n<div>* Caso a \u00faltima altera\u00e7\u00e3o contratual esteja junto com a consolida\u00e7\u00e3o, n\u00e3o ser\u00e1 necess\u00e1rio o documento de constitui\u00e7\u00e3o.<\/div>\n<h4>-Documentos de identifica\u00e7\u00e3o, podendo ser a Carteira de Identidade, CNH (tamb\u00e9m pode ser o modelo digital); Carteira Profissional, como OAB, CRC, CREA e CRM; Passaporte; Carteira de trabalho (apenas modelo novo). Registro Nacional de Estrangeiro \u2013 RNE.<br \/>-Comprovante de inscri\u00e7\u00e3o no PIS\/PASEP\/CI-NIS \u2013 (Opcional);<br \/>-Cadastro de Atividade Econ\u00f4mica de Pessoa F\u00edsica (CAEPF) \u2013 (Opcional).<\/h4>\n\n<\/div><\/div>\n<div class=\"col medium-6 small-12 large-6\"  ><div class=\"col-inner\"  >\n\n\t<div class=\"img has-hover x md-x lg-x y md-y lg-y\" id=\"image_1063568984\">\n\t\t\t\t\t\t\t\t<div class=\"img-inner dark\" >\n\t\t\t<img loading=\"lazy\" decoding=\"async\" width=\"1020\" height=\"680\" src=\"https:\/\/vegcertificado.com.br\/patrocinio\/wp-content\/uploads\/2019\/08\/assinatura-digital-veg-1024x683.jpg\" class=\"attachment-large size-large\" alt=\"\" srcset=\"https:\/\/vegcertificado.com.br\/patrocinio\/wp-content\/uploads\/2019\/08\/assinatura-digital-veg-1024x683.jpg 1024w, https:\/\/vegcertificado.com.br\/patrocinio\/wp-content\/uploads\/2019\/08\/assinatura-digital-veg-300x200.jpg 300w, https:\/\/vegcertificado.com.br\/patrocinio\/wp-content\/uploads\/2019\/08\/assinatura-digital-veg-768x512.jpg 768w, https:\/\/vegcertificado.com.br\/patrocinio\/wp-content\/uploads\/2019\/08\/assinatura-digital-veg-800x533.jpg 800w, https:\/\/vegcertificado.com.br\/patrocinio\/wp-content\/uploads\/2019\/08\/assinatura-digital-veg.jpg 1920w\" sizes=\"auto, (max-width: 1020px) 100vw, 1020px\" \/>\t\t\t\t\t\t\n\t\t\t\t\t<\/div>\n\t\t\t\t\t\t\t\t\n<style scope=\"scope\">\n\n#image_1063568984 {\n  width: 100%;\n}\n<\/style>\n\t<\/div>\n\t\n\n\n<\/div><\/div>\n\n<\/div>\n\n\t\t<\/div><!-- .section-content -->\n\n\t\t\n<style scope=\"scope\">\n\n#section_1429131862 {\n  padding-top: 30px;\n  padding-bottom: 30px;\n}\n<\/style>\n\t<\/section>\n\t\n\n","protected":false},"excerpt":{"rendered":"","protected":false},"author":1,"featured_media":0,"parent":0,"menu_order":0,"comment_status":"closed","ping_status":"closed","template":"page-blank.php","meta":{"footnotes":""},"class_list":["post-135","page","type-page","status-publish","hentry"],"yoast_head":"<!-- This site is optimized with the Yoast SEO plugin v27.2 - https:\/\/yoast.com\/product\/yoast-seo-wordpress\/ -->\n<title>Documenta\u00e7\u00e3o - Certificado Digital<\/title>\n<meta name=\"robots\" content=\"index, follow, max-snippet:-1, max-image-preview:large, max-video-preview:-1\" \/>\n<link rel=\"canonical\" href=\"https:\/\/vegcertificado.com.br\/patrocinio\/documentacao\/\" \/>\n<meta property=\"og:locale\" content=\"pt_BR\" \/>\n<meta property=\"og:type\" content=\"article\" \/>\n<meta property=\"og:title\" content=\"Documenta\u00e7\u00e3o - Certificado Digital\" \/>\n<meta property=\"og:url\" content=\"https:\/\/vegcertificado.com.br\/patrocinio\/documentacao\/\" \/>\n<meta property=\"og:site_name\" content=\"Certificado Digital\" \/>\n<meta property=\"article:modified_time\" content=\"2019-08-07T19:18:54+00:00\" \/>\n<meta name=\"twitter:card\" content=\"summary_large_image\" \/>\n<meta name=\"twitter:label1\" content=\"Est. tempo de leitura\" \/>\n\t<meta name=\"twitter:data1\" content=\"2 minutos\" \/>\n<script type=\"application\/ld+json\" class=\"yoast-schema-graph\">{\"@context\":\"https:\/\/schema.org\",\"@graph\":[{\"@type\":\"WebPage\",\"@id\":\"https:\/\/vegcertificado.com.br\/patrocinio\/documentacao\/\",\"url\":\"https:\/\/vegcertificado.com.br\/patrocinio\/documentacao\/\",\"name\":\"Documenta\u00e7\u00e3o - Certificado Digital\",\"isPartOf\":{\"@id\":\"https:\/\/vegcertificado.com.br\/patrocinio\/#website\"},\"datePublished\":\"2019-07-24T22:22:47+00:00\",\"dateModified\":\"2019-08-07T19:18:54+00:00\",\"breadcrumb\":{\"@id\":\"https:\/\/vegcertificado.com.br\/patrocinio\/documentacao\/#breadcrumb\"},\"inLanguage\":\"pt-BR\",\"potentialAction\":[{\"@type\":\"ReadAction\",\"target\":[\"https:\/\/vegcertificado.com.br\/patrocinio\/documentacao\/\"]}]},{\"@type\":\"BreadcrumbList\",\"@id\":\"https:\/\/vegcertificado.com.br\/patrocinio\/documentacao\/#breadcrumb\",\"itemListElement\":[{\"@type\":\"ListItem\",\"position\":1,\"name\":\"In\u00edcio\",\"item\":\"https:\/\/vegcertificado.com.br\/patrocinio\/\"},{\"@type\":\"ListItem\",\"position\":2,\"name\":\"Documenta\u00e7\u00e3o\"}]},{\"@type\":\"WebSite\",\"@id\":\"https:\/\/vegcertificado.com.br\/patrocinio\/#website\",\"url\":\"https:\/\/vegcertificado.com.br\/patrocinio\/\",\"name\":\"Certificado Digital\",\"description\":\"Ribeir\u00e3o Preto\",\"potentialAction\":[{\"@type\":\"SearchAction\",\"target\":{\"@type\":\"EntryPoint\",\"urlTemplate\":\"https:\/\/vegcertificado.com.br\/patrocinio\/?s={search_term_string}\"},\"query-input\":{\"@type\":\"PropertyValueSpecification\",\"valueRequired\":true,\"valueName\":\"search_term_string\"}}],\"inLanguage\":\"pt-BR\"}]}<\/script>\n<!-- \/ Yoast SEO plugin. -->","yoast_head_json":{"title":"Documenta\u00e7\u00e3o - Certificado Digital","robots":{"index":"index","follow":"follow","max-snippet":"max-snippet:-1","max-image-preview":"max-image-preview:large","max-video-preview":"max-video-preview:-1"},"canonical":"https:\/\/vegcertificado.com.br\/patrocinio\/documentacao\/","og_locale":"pt_BR","og_type":"article","og_title":"Documenta\u00e7\u00e3o - Certificado Digital","og_url":"https:\/\/vegcertificado.com.br\/patrocinio\/documentacao\/","og_site_name":"Certificado Digital","article_modified_time":"2019-08-07T19:18:54+00:00","twitter_card":"summary_large_image","twitter_misc":{"Est. tempo de leitura":"2 minutos"},"schema":{"@context":"https:\/\/schema.org","@graph":[{"@type":"WebPage","@id":"https:\/\/vegcertificado.com.br\/patrocinio\/documentacao\/","url":"https:\/\/vegcertificado.com.br\/patrocinio\/documentacao\/","name":"Documenta\u00e7\u00e3o - Certificado Digital","isPartOf":{"@id":"https:\/\/vegcertificado.com.br\/patrocinio\/#website"},"datePublished":"2019-07-24T22:22:47+00:00","dateModified":"2019-08-07T19:18:54+00:00","breadcrumb":{"@id":"https:\/\/vegcertificado.com.br\/patrocinio\/documentacao\/#breadcrumb"},"inLanguage":"pt-BR","potentialAction":[{"@type":"ReadAction","target":["https:\/\/vegcertificado.com.br\/patrocinio\/documentacao\/"]}]},{"@type":"BreadcrumbList","@id":"https:\/\/vegcertificado.com.br\/patrocinio\/documentacao\/#breadcrumb","itemListElement":[{"@type":"ListItem","position":1,"name":"In\u00edcio","item":"https:\/\/vegcertificado.com.br\/patrocinio\/"},{"@type":"ListItem","position":2,"name":"Documenta\u00e7\u00e3o"}]},{"@type":"WebSite","@id":"https:\/\/vegcertificado.com.br\/patrocinio\/#website","url":"https:\/\/vegcertificado.com.br\/patrocinio\/","name":"Certificado Digital","description":"Ribeir\u00e3o Preto","potentialAction":[{"@type":"SearchAction","target":{"@type":"EntryPoint","urlTemplate":"https:\/\/vegcertificado.com.br\/patrocinio\/?s={search_term_string}"},"query-input":{"@type":"PropertyValueSpecification","valueRequired":true,"valueName":"search_term_string"}}],"inLanguage":"pt-BR"}]}},"jetpack_sharing_enabled":true,"jetpack_likes_enabled":true,"_links":{"self":[{"href":"https:\/\/vegcertificado.com.br\/patrocinio\/wp-json\/wp\/v2\/pages\/135","targetHints":{"allow":["GET"]}}],"collection":[{"href":"https:\/\/vegcertificado.com.br\/patrocinio\/wp-json\/wp\/v2\/pages"}],"about":[{"href":"https:\/\/vegcertificado.com.br\/patrocinio\/wp-json\/wp\/v2\/types\/page"}],"author":[{"embeddable":true,"href":"https:\/\/vegcertificado.com.br\/patrocinio\/wp-json\/wp\/v2\/users\/1"}],"replies":[{"embeddable":true,"href":"https:\/\/vegcertificado.com.br\/patrocinio\/wp-json\/wp\/v2\/comments?post=135"}],"version-history":[{"count":16,"href":"https:\/\/vegcertificado.com.br\/patrocinio\/wp-json\/wp\/v2\/pages\/135\/revisions"}],"predecessor-version":[{"id":5532,"href":"https:\/\/vegcertificado.com.br\/patrocinio\/wp-json\/wp\/v2\/pages\/135\/revisions\/5532"}],"wp:attachment":[{"href":"https:\/\/vegcertificado.com.br\/patrocinio\/wp-json\/wp\/v2\/media?parent=135"}],"curies":[{"name":"wp","href":"https:\/\/api.w.org\/{rel}","templated":true}]}}