{"id":125,"date":"2019-07-24T21:49:39","date_gmt":"2019-07-24T21:49:39","guid":{"rendered":"https:\/\/vegcampinas.com.br\/?page_id=125"},"modified":"2021-05-20T13:00:35","modified_gmt":"2021-05-20T13:00:35","slug":"quem-somos","status":"publish","type":"page","link":"https:\/\/vegcertificado.com.br\/patrocinio\/quem-somos\/","title":{"rendered":"Quem somos"},"content":{"rendered":"\n\n\n<div class=\"slider-wrapper relative \" id=\"slider-1729397700\" >\n    <div class=\"slider slider-nav-circle slider-nav-large slider-nav-light slider-style-normal\"\n        data-flickity-options='{\n            \"cellAlign\": \"center\",\n            \"imagesLoaded\": true,\n            \"lazyLoad\": 1,\n            \"freeScroll\": false,\n            \"wrapAround\": true,\n            \"autoPlay\": 6000,\n            \"pauseAutoPlayOnHover\" : true,\n            \"prevNextButtons\": true,\n            \"contain\" : true,\n            \"adaptiveHeight\" : true,\n            \"dragThreshold\" : 10,\n            \"percentPosition\": true,\n            \"pageDots\": true,\n            \"rightToLeft\": false,\n            \"draggable\": true,\n            \"selectedAttraction\": 0.1,\n            \"parallax\" : 0,\n            \"friction\": 0.6        }'\n        >\n        \n\n\n  <div class=\"banner has-hover has-parallax\" id=\"banner-1335516809\">\n          <div class=\"banner-inner fill\">\n        <div class=\"banner-bg fill\" data-parallax=\"-10\" data-parallax-container=\".banner\" data-parallax-background>\n            <div class=\"bg fill bg-fill \"><\/div>\n                                    \n                    <\/div><!-- bg-layers -->\n        <div class=\"banner-layers container\">\n            <div class=\"fill banner-link\"><\/div>            \n\n   <div id=\"text-box-1731706310\" class=\"text-box banner-layer x50 md-x50 lg-x50 y50 md-y50 lg-y50 res-text\">\n                                <div class=\"text dark\">\n              \n              <div class=\"text-inner text-center\">\n                  \n\n<h1><strong><span style=\"color: #003366;\" data-animate=\"fadeIn\" data-animated=\"true\">QUEM SOMOS<\/span><\/strong><\/h1>\n\n              <\/div>\n           <\/div><!-- text-box-inner -->\n                            \n<style scope=\"scope\">\n\n#text-box-1731706310 {\n  width: 60%;\n}\n#text-box-1731706310 .text {\n  font-size: 100%;\n}\n<\/style>\n    <\/div><!-- text-box -->\n \n\n        <\/div><!-- .banner-layers -->\n      <\/div><!-- .banner-inner -->\n\n            \n<style scope=\"scope\">\n\n#banner-1335516809 {\n  padding-top: 500px;\n}\n#banner-1335516809 .bg.bg-loaded {\n  background-image: url(https:\/\/vegcertificado.com.br\/patrocinio\/wp-content\/uploads\/2019\/07\/onde-tirar-certificado-digital.jpg);\n}\n#banner-1335516809 .bg {\n  background-position: 55% 7%;\n}\n<\/style>\n  <\/div><!-- .banner -->\n\n\n\n     <\/div>\n\n     <div class=\"loading-spin dark large centered\"><\/div>\n\n     <style scope=\"scope\">\n             <\/style>\n<\/div><!-- .ux-slider-wrapper -->\n\n\n\t<section class=\"section\" id=\"section_1826878507\">\n\t\t<div class=\"bg section-bg fill bg-fill  bg-loaded\" >\n\n\t\t\t\n\t\t\t<div class=\"section-bg-overlay absolute fill\"><\/div>\n\t\t\t\n\t<div class=\"is-border\"\n\t\tstyle=\"border-color:rgb(235, 235, 235);border-width:1px 0px 0px 0px;\">\n\t<\/div>\n\n\t\t<\/div><!-- .section-bg -->\n\n\t\t<div class=\"section-content relative\">\n\t\t\t\n\n<div class=\"row align-middle align-center\"  id=\"row-882587258\">\n\n<div class=\"col medium-6 small-12 large-6\"  ><div class=\"col-inner box-shadow-2 box-shadow-5-hover\" style=\"background-color:rgb(255, 255, 255);padding:15px 15px 15px 15px;\" >\n\n<p><iframe loading=\"lazy\" width=\"600\" height=\"300\" src=\"https:\/\/www.youtube.com\/embed\/wLtCiVGlhps\" frameborder=\"0\" allow=\"accelerometer; autoplay; encrypted-media; gyroscope; picture-in-picture\" allowfullscreen><\/iframe><\/p>\n\n<\/div><\/div>\n<div class=\"col medium-6 small-12 large-6\"  ><div class=\"col-inner text-center dark\"  >\n\n<div class=\"col-xs-12 col-sm-7 col-md-7 bloco-conteudo-institucional\">\n<h1><strong><span style=\"font-size: 100%;\">A Empresa<\/span><\/strong><\/h1>\n<p><span style=\"font-size: 100%;\">A <strong>V&amp;G Certifica\u00e7\u00e3o Digital<\/strong>, autoridade de registro vinculada \u00e0 AC LINK, \u00e9 uma empresa reconhecida pelas qualidade e efici\u00eancia, n\u00e3o se contentando apenas em emitir certificados digitais, mas em garantir que o cliente seja sempre a prioridade.<\/span><\/p>\n<p><span style=\"font-size: 100%;\">Os servi\u00e7os de certifica\u00e7\u00e3o digital oferecidos pela empresa atendem a todos os tipos de neg\u00f3cios, compreendendo tanto pessoas f\u00edsicas, quanto\u00a0jur\u00eddicas.<\/span><\/p>\n<\/div>\n\n<\/div><\/div>\n<div class=\"col small-12 large-12\"  ><div class=\"col-inner\"  >\n\n<p style=\"text-align: center;\"><span style=\"font-size: 120%;\">O certificado digital \u00e9 um documento eletr\u00f4nico que possibilita transa\u00e7\u00f5es online junto a entidades\u00a0como Receita Federal, Caixa Econ\u00f4mica Federal, emiss\u00e3o de notas fiscais eletr\u00f4nicas, entre outros. Todo certificado digital emitido pela V&amp;G se enquadra dentro do padr\u00e3o\u00a0ICP Brasil, estando tamb\u00e9m de acordo com as regras de infraestrutura de chaves P\u00fablicas e Privadas (ICP),\u00a0estabelecidas pela Medida Provis\u00f3ria 2200\/2001.\u00a0<\/span><\/p>\n<p style=\"text-align: center;\"><span style=\"font-size: 120%;\">Os clientes contam com uma equipe que se capacita constantemente, com um grupo de profissionais que est\u00e3o sempre se aprimorando, sem nunca se esquecer de um requisito fundamental: o relacionamento com clientes e parceiros.<\/span><\/p>\n\n<\/div><\/div>\n\n\n<style scope=\"scope\">\n\n<\/style>\n<\/div>\n\n\t\t<\/div><!-- .section-content -->\n\n\t\t\n<style scope=\"scope\">\n\n#section_1826878507 {\n  padding-top: 59px;\n  padding-bottom: 59px;\n  min-height: 300px;\n  background-color: rgb(171, 171, 171);\n}\n#section_1826878507 .section-bg-overlay {\n  background-color: rgba(0, 0, 0, 0.78);\n}\n<\/style>\n\t<\/section>\n\t\n\t<section class=\"section\" id=\"section_33320243\">\n\t\t<div class=\"bg section-bg fill bg-fill  bg-loaded\" >\n\n\t\t\t\n\t\t\t<div class=\"section-bg-overlay absolute fill\"><\/div>\n\t\t\t\n\t<div class=\"is-border\"\n\t\tstyle=\"border-color:rgb(235, 235, 235);border-width:1px 0px 0px 0px;\">\n\t<\/div>\n\n\t\t<\/div><!-- .section-bg -->\n\n\t\t<div class=\"section-content relative\">\n\t\t\t\n\n<div class=\"row row-large align-middle align-center\"  id=\"row-1490248609\">\n\n<div class=\"col medium-6 small-12 large-6\"  ><div class=\"col-inner text-center dark\"  >\n\n<div class=\"col-xs-12 col-sm-6 col-md-6 bloco-conteudo-institucional\">\n<h3>Miss\u00e3o<\/h3>\n<p>Oferecer solu\u00e7\u00f5es em certifica\u00e7\u00e3o digital com seguran\u00e7a, efici\u00eancia e agilidade, priorizando sempre o \u00f3timo atendimento ao cliente com servi\u00e7os de qualidade.<\/p>\n<div class=\"col-xs-12 col-sm-6 col-md-6 bloco-conteudo-institucional\">\n<h3>Vis\u00e3o<\/h3>\n<p>Ser refer\u00eancia em emiss\u00e3o de certificados digitais, capacitando pessoas, valorizando parcerias, agregando valor aos neg\u00f3cios dos nossos clientes e incentivando o empreendedorismo.<\/p>\n<div class=\"col-xs-12 col-sm-12 col-md-12 bloco-conteudo-institucional valores\">\n<h3>Valores<\/h3>\n<div class=\"row\">\n<div class=\"col-xs-12 col-sm-12 col-md-12\">\n<p>SEGURAN\u00c7A na emiss\u00e3o do certificado digital;<\/p>\n<p>A conduta da empresa deve ser um reflexo de \u00c9TICA e PROFISSIONALISMO;<\/p>\n<p>EXCEL\u00caNCIA na emiss\u00e3o do certificado digital;<\/p>\n<p>Foco nas PESSOAS, que s\u00e3o a for\u00e7a necess\u00e1ria para a continuidade da empresa, nas quais se incluem colaboradores, administradores, clientes e parceiros;<\/p>\n<p>HUMILDADE, reconhecendo os erros e buscando a melhoria cont\u00ednua.<\/p>\n<\/div>\n<\/div>\n<\/div>\n<\/div>\n<\/div>\n\n<\/div><\/div>\n<div class=\"col medium-6 small-12 large-6\"  data-animate=\"flipInY\"><div class=\"col-inner text-left box-shadow-2 box-shadow-5-hover\" style=\"background-color:rgb(255, 255, 255);padding:15px 15px 15px 15px;\" >\n\n\t<div class=\"img has-hover x md-x lg-x y md-y lg-y\" id=\"image_532460068\">\n\t\t\t\t\t\t<div data-animate=\"fadeInRight\">\t\t<div class=\"img-inner dark\" >\n\t\t\t<img loading=\"lazy\" decoding=\"async\" width=\"1020\" height=\"765\" src=\"https:\/\/vegcertificado.com.br\/patrocinio\/wp-content\/uploads\/2019\/07\/certificado-digital-serasa-campinas-1024x768.jpg\" class=\"attachment-large size-large\" alt=\"certificdo digital\" srcset=\"https:\/\/vegcertificado.com.br\/patrocinio\/wp-content\/uploads\/2019\/07\/certificado-digital-serasa-campinas-1024x768.jpg 1024w, https:\/\/vegcertificado.com.br\/patrocinio\/wp-content\/uploads\/2019\/07\/certificado-digital-serasa-campinas-800x600.jpg 800w, https:\/\/vegcertificado.com.br\/patrocinio\/wp-content\/uploads\/2019\/07\/certificado-digital-serasa-campinas-300x225.jpg 300w, https:\/\/vegcertificado.com.br\/patrocinio\/wp-content\/uploads\/2019\/07\/certificado-digital-serasa-campinas-768x576.jpg 768w, https:\/\/vegcertificado.com.br\/patrocinio\/wp-content\/uploads\/2019\/07\/certificado-digital-serasa-campinas.jpg 2000w\" sizes=\"auto, (max-width: 1020px) 100vw, 1020px\" \/>\t\t\t\t\t\t\n\t\t\t\t\t<\/div>\n\t\t<\/div>\t\t\t\t\t\t\n<style scope=\"scope\">\n\n#image_532460068 {\n  width: 100%;\n}\n<\/style>\n\t<\/div>\n\t\n\n\n<\/div><\/div>\n\n\n<style scope=\"scope\">\n\n<\/style>\n<\/div>\n\n\t\t<\/div><!-- .section-content -->\n\n\t\t\n<style scope=\"scope\">\n\n#section_33320243 {\n  padding-top: 59px;\n  padding-bottom: 59px;\n  min-height: 300px;\n  background-color: rgb(171, 171, 171);\n}\n#section_33320243 .section-bg-overlay {\n  background-color: rgba(0, 0, 0, 0.64);\n}\n<\/style>\n\t<\/section>\n\t\n\n","protected":false},"excerpt":{"rendered":"","protected":false},"author":1,"featured_media":0,"parent":0,"menu_order":0,"comment_status":"closed","ping_status":"closed","template":"page-blank.php","meta":{"footnotes":""},"class_list":["post-125","page","type-page","status-publish","hentry"],"yoast_head":"<!-- This site is optimized with the Yoast SEO plugin v27.2 - https:\/\/yoast.com\/product\/yoast-seo-wordpress\/ -->\n<title>Quem somos - Certificado Digital<\/title>\n<meta name=\"robots\" content=\"index, follow, max-snippet:-1, max-image-preview:large, max-video-preview:-1\" \/>\n<link rel=\"canonical\" href=\"https:\/\/vegcertificado.com.br\/patrocinio\/quem-somos\/\" \/>\n<meta property=\"og:locale\" content=\"pt_BR\" \/>\n<meta property=\"og:type\" content=\"article\" \/>\n<meta property=\"og:title\" content=\"Quem somos - Certificado Digital\" \/>\n<meta property=\"og:url\" content=\"https:\/\/vegcertificado.com.br\/patrocinio\/quem-somos\/\" \/>\n<meta property=\"og:site_name\" content=\"Certificado Digital\" \/>\n<meta property=\"article:modified_time\" content=\"2021-05-20T13:00:35+00:00\" \/>\n<meta name=\"twitter:card\" content=\"summary_large_image\" \/>\n<meta name=\"twitter:label1\" content=\"Est. tempo de leitura\" \/>\n\t<meta name=\"twitter:data1\" content=\"2 minutos\" \/>\n<script type=\"application\/ld+json\" class=\"yoast-schema-graph\">{\"@context\":\"https:\/\/schema.org\",\"@graph\":[{\"@type\":\"WebPage\",\"@id\":\"https:\/\/vegcertificado.com.br\/patrocinio\/quem-somos\/\",\"url\":\"https:\/\/vegcertificado.com.br\/patrocinio\/quem-somos\/\",\"name\":\"Quem somos - Certificado Digital\",\"isPartOf\":{\"@id\":\"https:\/\/vegcertificado.com.br\/patrocinio\/#website\"},\"datePublished\":\"2019-07-24T21:49:39+00:00\",\"dateModified\":\"2021-05-20T13:00:35+00:00\",\"breadcrumb\":{\"@id\":\"https:\/\/vegcertificado.com.br\/patrocinio\/quem-somos\/#breadcrumb\"},\"inLanguage\":\"pt-BR\",\"potentialAction\":[{\"@type\":\"ReadAction\",\"target\":[\"https:\/\/vegcertificado.com.br\/patrocinio\/quem-somos\/\"]}]},{\"@type\":\"BreadcrumbList\",\"@id\":\"https:\/\/vegcertificado.com.br\/patrocinio\/quem-somos\/#breadcrumb\",\"itemListElement\":[{\"@type\":\"ListItem\",\"position\":1,\"name\":\"In\u00edcio\",\"item\":\"https:\/\/vegcertificado.com.br\/patrocinio\/\"},{\"@type\":\"ListItem\",\"position\":2,\"name\":\"Quem somos\"}]},{\"@type\":\"WebSite\",\"@id\":\"https:\/\/vegcertificado.com.br\/patrocinio\/#website\",\"url\":\"https:\/\/vegcertificado.com.br\/patrocinio\/\",\"name\":\"Certificado Digital\",\"description\":\"Ribeir\u00e3o Preto\",\"potentialAction\":[{\"@type\":\"SearchAction\",\"target\":{\"@type\":\"EntryPoint\",\"urlTemplate\":\"https:\/\/vegcertificado.com.br\/patrocinio\/?s={search_term_string}\"},\"query-input\":{\"@type\":\"PropertyValueSpecification\",\"valueRequired\":true,\"valueName\":\"search_term_string\"}}],\"inLanguage\":\"pt-BR\"}]}<\/script>\n<!-- \/ Yoast SEO plugin. -->","yoast_head_json":{"title":"Quem somos - Certificado Digital","robots":{"index":"index","follow":"follow","max-snippet":"max-snippet:-1","max-image-preview":"max-image-preview:large","max-video-preview":"max-video-preview:-1"},"canonical":"https:\/\/vegcertificado.com.br\/patrocinio\/quem-somos\/","og_locale":"pt_BR","og_type":"article","og_title":"Quem somos - Certificado Digital","og_url":"https:\/\/vegcertificado.com.br\/patrocinio\/quem-somos\/","og_site_name":"Certificado Digital","article_modified_time":"2021-05-20T13:00:35+00:00","twitter_card":"summary_large_image","twitter_misc":{"Est. tempo de leitura":"2 minutos"},"schema":{"@context":"https:\/\/schema.org","@graph":[{"@type":"WebPage","@id":"https:\/\/vegcertificado.com.br\/patrocinio\/quem-somos\/","url":"https:\/\/vegcertificado.com.br\/patrocinio\/quem-somos\/","name":"Quem somos - Certificado Digital","isPartOf":{"@id":"https:\/\/vegcertificado.com.br\/patrocinio\/#website"},"datePublished":"2019-07-24T21:49:39+00:00","dateModified":"2021-05-20T13:00:35+00:00","breadcrumb":{"@id":"https:\/\/vegcertificado.com.br\/patrocinio\/quem-somos\/#breadcrumb"},"inLanguage":"pt-BR","potentialAction":[{"@type":"ReadAction","target":["https:\/\/vegcertificado.com.br\/patrocinio\/quem-somos\/"]}]},{"@type":"BreadcrumbList","@id":"https:\/\/vegcertificado.com.br\/patrocinio\/quem-somos\/#breadcrumb","itemListElement":[{"@type":"ListItem","position":1,"name":"In\u00edcio","item":"https:\/\/vegcertificado.com.br\/patrocinio\/"},{"@type":"ListItem","position":2,"name":"Quem somos"}]},{"@type":"WebSite","@id":"https:\/\/vegcertificado.com.br\/patrocinio\/#website","url":"https:\/\/vegcertificado.com.br\/patrocinio\/","name":"Certificado Digital","description":"Ribeir\u00e3o Preto","potentialAction":[{"@type":"SearchAction","target":{"@type":"EntryPoint","urlTemplate":"https:\/\/vegcertificado.com.br\/patrocinio\/?s={search_term_string}"},"query-input":{"@type":"PropertyValueSpecification","valueRequired":true,"valueName":"search_term_string"}}],"inLanguage":"pt-BR"}]}},"jetpack_sharing_enabled":true,"jetpack_likes_enabled":true,"_links":{"self":[{"href":"https:\/\/vegcertificado.com.br\/patrocinio\/wp-json\/wp\/v2\/pages\/125","targetHints":{"allow":["GET"]}}],"collection":[{"href":"https:\/\/vegcertificado.com.br\/patrocinio\/wp-json\/wp\/v2\/pages"}],"about":[{"href":"https:\/\/vegcertificado.com.br\/patrocinio\/wp-json\/wp\/v2\/types\/page"}],"author":[{"embeddable":true,"href":"https:\/\/vegcertificado.com.br\/patrocinio\/wp-json\/wp\/v2\/users\/1"}],"replies":[{"embeddable":true,"href":"https:\/\/vegcertificado.com.br\/patrocinio\/wp-json\/wp\/v2\/comments?post=125"}],"version-history":[{"count":15,"href":"https:\/\/vegcertificado.com.br\/patrocinio\/wp-json\/wp\/v2\/pages\/125\/revisions"}],"predecessor-version":[{"id":5573,"href":"https:\/\/vegcertificado.com.br\/patrocinio\/wp-json\/wp\/v2\/pages\/125\/revisions\/5573"}],"wp:attachment":[{"href":"https:\/\/vegcertificado.com.br\/patrocinio\/wp-json\/wp\/v2\/media?parent=125"}],"curies":[{"name":"wp","href":"https:\/\/api.w.org\/{rel}","templated":true}]}}