{"id":16,"date":"2020-04-05T12:11:44","date_gmt":"2020-04-05T12:11:44","guid":{"rendered":"https:\/\/vegcertificado.com.br\/mogiguacu\/?page_id=16"},"modified":"2020-05-20T12:57:12","modified_gmt":"2020-05-20T12:57:12","slug":"documentos","status":"publish","type":"page","link":"https:\/\/vegcertificado.com.br\/mogiguacu\/documentos\/","title":{"rendered":"Documentos"},"content":{"rendered":"<div class=\"wpb-content-wrapper\">[vc_row css=&#8221;.vc_custom_1584798839254{margin-top: -40px !important;}&#8221;][vc_column]\n\t\t\t<!-- START Slider 1 REVOLUTION SLIDER 6.7.18 --><p class=\"rs-p-wp-fix\"><\/p>\n\t\t\t<rs-module-wrap id=\"rev_slider_1_1_wrapper\" data-source=\"gallery\" style=\"visibility:hidden;background:transparent;padding:0;margin:0px auto;margin-top:0;margin-bottom:0;\">\n\t\t\t\t<rs-module id=\"rev_slider_1_1\" style=\"\" data-version=\"6.7.18\">\n\t\t\t\t\t<rs-slides style=\"overflow: hidden; position: absolute;\">\n\t\t\t\t\t\t<rs-slide style=\"position: absolute;\" data-key=\"rs-1\" data-title=\"Slide\" data-anim=\"ms:2960;e:slidingoverlay;\" data-in=\"x:(100%);\">\n\t\t\t\t\t\t\t<img decoding=\"async\" src=\"\/\/vegcertificado.com.br\/mogiguacu\/wp-content\/plugins\/revslider\/sr6\/assets\/assets\/dummy.png\" alt=\"\" title=\"SLIDER 06\" width=\"1920\" height=\"1280\" class=\"rev-slidebg tp-rs-img rs-lazyload\" data-lazyload=\"\/\/vegcertificado.com.br\/mogiguacu\/wp-content\/uploads\/2020\/04\/SLIDER-06.jpg\" data-no-retina>\n<!---->\t\t\t\t\t<\/rs-slide>\n\t\t\t\t\t\t<rs-slide style=\"position: absolute;\" data-key=\"rs-7\" data-title=\"Slide\" data-anim=\"ms:2980;e:slidingoverlay;\" data-in=\"y:(100%);\">\n\t\t\t\t\t\t\t<img decoding=\"async\" src=\"\/\/vegcertificado.com.br\/mogiguacu\/wp-content\/plugins\/revslider\/sr6\/assets\/assets\/dummy.png\" alt=\"\" title=\"SLIDER 05\" width=\"1924\" height=\"1291\" class=\"rev-slidebg tp-rs-img rs-lazyload\" data-lazyload=\"\/\/vegcertificado.com.br\/mogiguacu\/wp-content\/uploads\/2020\/04\/SLIDER-05.jpg\" data-no-retina>\n<!---->\t\t\t\t\t<\/rs-slide>\n\t\t\t\t\t<\/rs-slides>\n\t\t\t\t<\/rs-module>\n\t\t\t\t<script>\n\t\t\t\t\tsetREVStartSize({c: 'rev_slider_1_1',rl:[1240,1024,778,480],el:[900],gw:[1240],gh:[900],type:'standard',justify:'',layout:'fullwidth',mh:\"0\"});if (window.RS_MODULES!==undefined && window.RS_MODULES.modules!==undefined && window.RS_MODULES.modules[\"revslider11\"]!==undefined) {window.RS_MODULES.modules[\"revslider11\"].once = false;window.revapi1 = undefined;if (window.RS_MODULES.checkMinimal!==undefined) window.RS_MODULES.checkMinimal()}\n\t\t\t\t<\/script>\n\t\t\t<\/rs-module-wrap>\n\t\t\t<!-- END REVOLUTION SLIDER -->\n[vc_empty_space][wgl_double_headings title_color=&#8221;#252525&#8243; subtitle_color=&#8221;#ff7d00&#8243; title=&#8221;DOCUMENTA\u00c7\u00c3O PARA PESSOA F\u00cdSICA&#8221;][vc_empty_space][\/vc_column][\/vc_row][vc_row][vc_column][vc_tta_tour][vc_tta_section title=&#8221;Documenta\u00e7\u00e3o&#8221; tab_id=&#8221;1584799360623-62df0fcf-f495&#8243;][vc_column_text]<i class=\"wgl-icon fa fa-check-circle  \" ><\/i> No caso de certificado de pessoa f\u00edsica (e-CPF), o cliente deve apresentar um documento de identifica\u00e7\u00e3o atualizado com foto, podendo ser a CNH, Carteira de Identidade (RG), Carteira de classe, Passaporte, Registro Nacional de Estrangeiro (RNE) ou a Carteira de Trabalho (Modelo Novo). N\u00e3o \u00e9 mais necess\u00e1rio colocar o n\u00famero do PIS, conforme determina\u00e7\u00e3o da Receita Federal. Se for necess\u00e1rio incluir as informa\u00e7\u00f5es do CAEPF ou CNO, elas devem ser apresentadas no momento da valida\u00e7\u00e3o, pois n\u00e3o poder\u00e3o ser inclusas depois que o certificado digital for emitido.[\/vc_column_text][vc_empty_space][\/vc_tta_section][vc_tta_section title=&#8221;Observa\u00e7\u00f5es Importantes&#8221; tab_id=&#8221;1584798886094-7633844b-6c72&#8243;][vc_column_text]Atrav\u00e9s da valida\u00e7\u00e3o presencial \u00e9 feita a coleta biom\u00e9trica (face e digitais), bem como a verifica\u00e7\u00e3o in loco da apresenta\u00e7\u00e3o dos documentos exigidos que variam de acordo com o tipo de certificado digital que ir\u00e1 adquirir. Esse processo se adequa a Resolu\u00e7\u00e3o 114, do Comit\u00ea Gestor da Infraestrutura de Chaves P\u00fablicas Brasileira (ICP-Brasil)[\/vc_column_text][\/vc_tta_section][\/vc_tta_tour][vc_empty_space][wgl_double_headings title_color=&#8221;#252525&#8243; subtitle_color=&#8221;#ff7d00&#8243; title=&#8221;DOCUMENTA\u00c7\u00c3O PARA PESSOA JUR\u00cdDICA&#8221;][vc_empty_space][vc_tta_tour][vc_tta_section title=&#8221;Referentes \u00e0 empresa&#8221; tab_id=&#8221;1584799878330-e49959ff-bc1a&#8221;][vc_column_text]<i class=\"wgl-icon fa fa-check-circle  \" ><\/i> Documento de constitui\u00e7\u00e3o da empresa (Estatuto, Contrato social ou requerimento de empres\u00e1rio) + \u00faltima altera\u00e7\u00e3o contratual (se houver); devidamente registrados nos \u00f3rg\u00e3os competentes;<br \/>\n<i class=\"wgl-icon fa fa-check-circle  \" ><\/i> Documentos de Elei\u00e7\u00e3o da diretoria vigente, quando aplic\u00e1vel;<br \/>\n<i class=\"wgl-icon fa fa-check-circle  \" ><\/i> Cart\u00e3o CNPJ atualizado;[\/vc_column_text][\/vc_tta_section][vc_tta_section title=&#8221;Referentes ao Representante Legal Cadastrado na Receita Federal&#8221; tab_id=&#8221;1584799878380-ec2830b2-4f3a&#8221;][vc_column_text]<i class=\"wgl-icon fa fa-check-circle  \" ><\/i> Documentos de identifica\u00e7\u00e3o, podendo ser a Carteira de Identidade, CNH (tamb\u00e9m pode ser o modelo digital); Carteira Profissional, como OAB, CRC, CREA e CRM; Passaporte; Carteira de trabalho (apenas modelo novo).[\/vc_column_text][\/vc_tta_section][vc_tta_section title=&#8221;Observa\u00e7\u00f5es Importantes&#8221; tab_id=&#8221;1587666150382-d15017a8-0909&#8243;][vc_column_text]\u00c9 obrigat\u00f3ria a presen\u00e7a de representante cadastrado na Receita Federal, n\u00e3o podendo ser representado por procura\u00e7\u00e3o.<br \/>\nJ\u00e1 o(s) &#8211; Representante(s) legal(s) da empresa poder\u00e1 ser representado por procura\u00e7\u00e3o p\u00fablica, somente se estiver expressamente autorizado no contrato ou estatuto da empresa.[\/vc_column_text][\/vc_tta_section][\/vc_tta_tour][wgl_message_box type=&#8221;warning&#8221; css_animation=&#8221;fadeIn&#8221; title=&#8221;Importante&#8221; text=&#8221;Caso a \u00faltima altera\u00e7\u00e3o contratual esteja junto com a consolida\u00e7\u00e3o, n\u00e3o ser\u00e1 necess\u00e1rio o documento de constitui\u00e7\u00e3o.&#8221;][\/vc_column][\/vc_row]\n<\/div>","protected":false},"excerpt":{"rendered":"<p>[vc_row css=&#8221;.vc_custom_1584798839254{margin-top: -40px !important;}&#8221;][vc_column][vc_empty_space][wgl_double_headings title_color=&#8221;#252525&#8243; subtitle_color=&#8221;#ff7d00&#8243; title=&#8221;DOCUMENTA\u00c7\u00c3O PARA PESSOA F\u00cdSICA&#8221;][vc_empty_space][\/vc_column][\/vc_row][vc_row][vc_column][vc_tta_tour][vc_tta_section title=&#8221;Documenta\u00e7\u00e3o&#8221; tab_id=&#8221;1584799360623-62df0fcf-f495&#8243;][vc_column_text] No caso de certificado de pessoa f\u00edsica (e-CPF), o cliente deve apresentar um documento de identifica\u00e7\u00e3o atualizado com foto, podendo ser a CNH, Carteira de Identidade (RG), Carteira de classe, Passaporte, Registro Nacional de Estrangeiro (RNE) ou a Carteira de Trabalho (Modelo Novo). [&hellip;]<\/p>\n","protected":false},"author":1,"featured_media":0,"parent":0,"menu_order":0,"comment_status":"closed","ping_status":"closed","template":"","meta":{"footnotes":""},"class_list":["post-16","page","type-page","status-publish","hentry"],"_links":{"self":[{"href":"https:\/\/vegcertificado.com.br\/mogiguacu\/wp-json\/wp\/v2\/pages\/16","targetHints":{"allow":["GET"]}}],"collection":[{"href":"https:\/\/vegcertificado.com.br\/mogiguacu\/wp-json\/wp\/v2\/pages"}],"about":[{"href":"https:\/\/vegcertificado.com.br\/mogiguacu\/wp-json\/wp\/v2\/types\/page"}],"author":[{"embeddable":true,"href":"https:\/\/vegcertificado.com.br\/mogiguacu\/wp-json\/wp\/v2\/users\/1"}],"replies":[{"embeddable":true,"href":"https:\/\/vegcertificado.com.br\/mogiguacu\/wp-json\/wp\/v2\/comments?post=16"}],"version-history":[{"count":4,"href":"https:\/\/vegcertificado.com.br\/mogiguacu\/wp-json\/wp\/v2\/pages\/16\/revisions"}],"predecessor-version":[{"id":373,"href":"https:\/\/vegcertificado.com.br\/mogiguacu\/wp-json\/wp\/v2\/pages\/16\/revisions\/373"}],"wp:attachment":[{"href":"https:\/\/vegcertificado.com.br\/mogiguacu\/wp-json\/wp\/v2\/media?parent=16"}],"curies":[{"name":"wp","href":"https:\/\/api.w.org\/{rel}","templated":true}]}}