{"id":13,"date":"2020-04-05T12:11:27","date_gmt":"2020-04-05T12:11:27","guid":{"rendered":"https:\/\/vegcertificado.com.br\/mogiguacu\/?page_id=13"},"modified":"2023-10-18T13:36:23","modified_gmt":"2023-10-18T13:36:23","slug":"contato","status":"publish","type":"page","link":"https:\/\/vegcertificado.com.br\/mogiguacu\/contato\/","title":{"rendered":"Contato"},"content":{"rendered":"<div class=\"wpb-content-wrapper\">[vc_row][vc_column]\n\t\t\t<!-- START Slider 5 REVOLUTION SLIDER 6.7.18 --><p class=\"rs-p-wp-fix\"><\/p>\n\t\t\t<rs-module-wrap id=\"rev_slider_5_1_wrapper\" data-source=\"gallery\" style=\"visibility:hidden;background:transparent;padding:0;margin:0px auto;margin-top:0;margin-bottom:0;\">\n\t\t\t\t<rs-module id=\"rev_slider_5_1\" style=\"\" data-version=\"6.7.18\">\n\t\t\t\t\t<rs-slides style=\"overflow: hidden; position: absolute;\">\n\t\t\t\t\t\t<rs-slide style=\"position: absolute;\" data-key=\"rs-5\" data-title=\"Slide\" data-anim=\"ms:1000;r:0;\" data-in=\"o:0;\" data-out=\"a:false;\">\n\t\t\t\t\t\t\t<img decoding=\"async\" src=\"\/\/vegcertificado.com.br\/mogiguacu\/wp-content\/plugins\/revslider\/sr6\/assets\/assets\/dummy.png\" alt=\"\" title=\"fale-conosco\" width=\"1920\" height=\"1280\" class=\"rev-slidebg tp-rs-img rs-lazyload\" data-lazyload=\"\/\/vegcertificado.com.br\/mogiguacu\/wp-content\/uploads\/2020\/04\/fale-conosco.jpg\" data-no-retina>\n<!---->\t\t\t\t\t<\/rs-slide>\n\t\t\t\t\t<\/rs-slides>\n\t\t\t\t<\/rs-module>\n\t\t\t\t<script>\n\t\t\t\t\tsetREVStartSize({c: 'rev_slider_5_1',rl:[1240,1024,778,480],el:[900],gw:[1240],gh:[900],type:'standard',justify:'',layout:'fullwidth',mh:\"0\"});if (window.RS_MODULES!==undefined && window.RS_MODULES.modules!==undefined && window.RS_MODULES.modules[\"revslider51\"]!==undefined) {window.RS_MODULES.modules[\"revslider51\"].once = false;window.revapi5 = undefined;if (window.RS_MODULES.checkMinimal!==undefined) window.RS_MODULES.checkMinimal()}\n\t\t\t\t<\/script>\n\t\t\t<\/rs-module-wrap>\n\t\t\t<!-- END REVOLUTION SLIDER -->\n[vc_empty_space][\/vc_column][\/vc_row][vc_row][vc_column][wgl_double_headings title_color=&#8221;#252525&#8243; subtitle_color=&#8221;#ff7d00&#8243; title=&#8221;Contato&#8221;][vc_empty_space][\/vc_column][\/vc_row][vc_row][vc_column width=&#8221;1\/2&#8243;][vc_column_text]\n<p align=\"Justify\">Nossa equipe est\u00e1 dispon\u00edvel para tirar suas d\u00favidas, receber sugest\u00f5es ou assuntos diversos. Basta preencher o formul\u00e1rio que em breve responderemos.<\/p>\n[\/vc_column_text][vc_single_image image=&#8221;72&#8243; img_size=&#8221;full&#8221;][\/vc_column][vc_column width=&#8221;1\/2&#8243;][vc_column_text]\n<div class=\"wpcf7 no-js\" id=\"wpcf7-f21-o1\" lang=\"pt-BR\" dir=\"ltr\" data-wpcf7-id=\"21\">\n<div class=\"screen-reader-response\"><p role=\"status\" aria-live=\"polite\" aria-atomic=\"true\"><\/p> <ul><\/ul><\/div>\n<form action=\"\/mogiguacu\/wp-json\/wp\/v2\/pages\/13#wpcf7-f21-o1\" method=\"post\" class=\"wpcf7-form init\" aria-label=\"Formul\u00e1rios de contato\" novalidate=\"novalidate\" data-status=\"init\">\n<div style=\"display: none;\">\n<input type=\"hidden\" name=\"_wpcf7\" value=\"21\" \/>\n<input type=\"hidden\" name=\"_wpcf7_version\" value=\"6.0.6\" \/>\n<input type=\"hidden\" name=\"_wpcf7_locale\" value=\"pt_BR\" \/>\n<input type=\"hidden\" name=\"_wpcf7_unit_tag\" value=\"wpcf7-f21-o1\" \/>\n<input type=\"hidden\" name=\"_wpcf7_container_post\" value=\"0\" \/>\n<input type=\"hidden\" name=\"_wpcf7_posted_data_hash\" value=\"\" \/>\n<\/div>\n<p><label> Nome<br \/>\n<span class=\"wpcf7-form-control-wrap\" data-name=\"nome\"><input size=\"40\" maxlength=\"400\" class=\"wpcf7-form-control wpcf7-text wpcf7-validates-as-required\" aria-required=\"true\" aria-invalid=\"false\" value=\"\" type=\"text\" name=\"nome\" \/><\/span> <\/label>\n<\/p>\n<p><label> E-mail<br \/>\n<span class=\"wpcf7-form-control-wrap\" data-name=\"email\"><input size=\"40\" maxlength=\"400\" class=\"wpcf7-form-control wpcf7-email wpcf7-validates-as-required wpcf7-text wpcf7-validates-as-email\" aria-required=\"true\" aria-invalid=\"false\" value=\"\" type=\"email\" name=\"email\" \/><\/span> <\/label>\n<\/p>\n<p><label> Telefone<br \/>\n<span class=\"wpcf7-form-control-wrap\" data-name=\"telefone\"><input size=\"40\" maxlength=\"400\" class=\"wpcf7-form-control wpcf7-tel wpcf7-validates-as-required wpcf7-text wpcf7-validates-as-tel\" aria-required=\"true\" aria-invalid=\"false\" value=\"\" type=\"tel\" name=\"telefone\" \/><\/span> <\/label>\n<\/p>\n<p><label> Cidade<br \/>\n<span class=\"wpcf7-form-control-wrap\" data-name=\"cidade\"><input size=\"40\" maxlength=\"400\" class=\"wpcf7-form-control wpcf7-text wpcf7-validates-as-required\" aria-required=\"true\" aria-invalid=\"false\" value=\"\" type=\"text\" name=\"cidade\" \/><\/span> <\/label>\n<\/p>\n<p><label> Mensagem<br \/>\n<span class=\"wpcf7-form-control-wrap\" data-name=\"mensagem\"><textarea cols=\"40\" rows=\"10\" maxlength=\"2000\" class=\"wpcf7-form-control wpcf7-textarea wpcf7-validates-as-required\" aria-required=\"true\" aria-invalid=\"false\" name=\"mensagem\"><\/textarea><\/span> <\/label>\n<\/p>\n<p><input class=\"wpcf7-form-control wpcf7-submit has-spinner\" type=\"submit\" value=\"Enviar\" \/>\n<\/p><div class=\"wpcf7-response-output\" aria-hidden=\"true\"><\/div>\n<\/form>\n<\/div>\n[\/vc_column_text][\/vc_column][\/vc_row]\n<\/div>","protected":false},"excerpt":{"rendered":"<p>[vc_row][vc_column][vc_empty_space][\/vc_column][\/vc_row][vc_row][vc_column][wgl_double_headings title_color=&#8221;#252525&#8243; subtitle_color=&#8221;#ff7d00&#8243; title=&#8221;Contato&#8221;][vc_empty_space][\/vc_column][\/vc_row][vc_row][vc_column width=&#8221;1\/2&#8243;][vc_column_text] Nossa equipe est\u00e1 dispon\u00edvel para tirar suas d\u00favidas, receber sugest\u00f5es ou assuntos diversos. Basta preencher o formul\u00e1rio que em breve responderemos. [\/vc_column_text][vc_single_image image=&#8221;72&#8243; img_size=&#8221;full&#8221;][\/vc_column][vc_column width=&#8221;1\/2&#8243;][vc_column_text][\/vc_column_text][\/vc_column][\/vc_row]<\/p>\n","protected":false},"author":1,"featured_media":0,"parent":0,"menu_order":0,"comment_status":"closed","ping_status":"closed","template":"","meta":{"footnotes":""},"class_list":["post-13","page","type-page","status-publish","hentry"],"_links":{"self":[{"href":"https:\/\/vegcertificado.com.br\/mogiguacu\/wp-json\/wp\/v2\/pages\/13","targetHints":{"allow":["GET"]}}],"collection":[{"href":"https:\/\/vegcertificado.com.br\/mogiguacu\/wp-json\/wp\/v2\/pages"}],"about":[{"href":"https:\/\/vegcertificado.com.br\/mogiguacu\/wp-json\/wp\/v2\/types\/page"}],"author":[{"embeddable":true,"href":"https:\/\/vegcertificado.com.br\/mogiguacu\/wp-json\/wp\/v2\/users\/1"}],"replies":[{"embeddable":true,"href":"https:\/\/vegcertificado.com.br\/mogiguacu\/wp-json\/wp\/v2\/comments?post=13"}],"version-history":[{"count":17,"href":"https:\/\/vegcertificado.com.br\/mogiguacu\/wp-json\/wp\/v2\/pages\/13\/revisions"}],"predecessor-version":[{"id":518,"href":"https:\/\/vegcertificado.com.br\/mogiguacu\/wp-json\/wp\/v2\/pages\/13\/revisions\/518"}],"wp:attachment":[{"href":"https:\/\/vegcertificado.com.br\/mogiguacu\/wp-json\/wp\/v2\/media?parent=13"}],"curies":[{"name":"wp","href":"https:\/\/api.w.org\/{rel}","templated":true}]}}