{"id":6,"date":"2020-04-05T12:10:29","date_gmt":"2020-04-05T12:10:29","guid":{"rendered":"https:\/\/vegcertificado.com.br\/espiritosanto\/?page_id=6"},"modified":"2024-02-26T12:22:40","modified_gmt":"2024-02-26T12:22:40","slug":"home","status":"publish","type":"page","link":"https:\/\/vegcertificado.com.br\/espiritosanto\/","title":{"rendered":"Home"},"content":{"rendered":"<div class=\"wpb-content-wrapper\">[vc_row][vc_column css=&#8221;.vc_custom_1586116839280{margin-top: -60px !important;}&#8221;]\n\t\t\t<!-- START Slider 1 REVOLUTION SLIDER 6.7.18 --><p class=\"rs-p-wp-fix\"><\/p>\n\t\t\t<rs-module-wrap id=\"rev_slider_1_1_wrapper\" data-source=\"gallery\" style=\"visibility:hidden;background:transparent;padding:0;margin:0px auto;margin-top:0;margin-bottom:0;\">\n\t\t\t\t<rs-module id=\"rev_slider_1_1\" style=\"\" data-version=\"6.7.18\">\n\t\t\t\t\t<rs-slides style=\"overflow: hidden; position: absolute;\">\n\t\t\t\t\t\t<rs-slide style=\"position: absolute;\" data-key=\"rs-1\" data-title=\"Slide\" data-anim=\"ms:2960;e:slidingoverlay;\" data-in=\"x:(100%);\">\n\t\t\t\t\t\t\t<img decoding=\"async\" src=\"\/\/vegcertificado.com.br\/espiritosanto\/wp-content\/plugins\/revslider\/sr6\/assets\/assets\/dummy.png\" alt=\"\" title=\"SLIDER 06\" width=\"1920\" height=\"1280\" class=\"rev-slidebg tp-rs-img rs-lazyload\" data-lazyload=\"\/\/vegcertificado.com.br\/espiritosanto\/wp-content\/uploads\/2020\/04\/SLIDER-06.jpg\" data-no-retina>\n<!---->\t\t\t\t\t<\/rs-slide>\n\t\t\t\t\t\t<rs-slide style=\"position: absolute;\" data-key=\"rs-7\" data-title=\"Slide\" data-anim=\"ms:2980;e:slidingoverlay;\" data-in=\"y:(100%);\">\n\t\t\t\t\t\t\t<img decoding=\"async\" src=\"\/\/vegcertificado.com.br\/espiritosanto\/wp-content\/plugins\/revslider\/sr6\/assets\/assets\/dummy.png\" alt=\"\" title=\"SLIDER 05\" width=\"1924\" height=\"1291\" class=\"rev-slidebg tp-rs-img rs-lazyload\" data-lazyload=\"\/\/vegcertificado.com.br\/espiritosanto\/wp-content\/uploads\/2020\/04\/SLIDER-05.jpg\" data-no-retina>\n<!---->\t\t\t\t\t<\/rs-slide>\n\t\t\t\t\t<\/rs-slides>\n\t\t\t\t<\/rs-module>\n\t\t\t\t<script>\n\t\t\t\t\tsetREVStartSize({c: 'rev_slider_1_1',rl:[1240,1024,778,480],el:[900],gw:[1240],gh:[900],type:'standard',justify:'',layout:'fullwidth',mh:\"0\"});if (window.RS_MODULES!==undefined && window.RS_MODULES.modules!==undefined && window.RS_MODULES.modules[\"revslider11\"]!==undefined) {window.RS_MODULES.modules[\"revslider11\"].once = false;window.revapi1 = undefined;if (window.RS_MODULES.checkMinimal!==undefined) window.RS_MODULES.checkMinimal()}\n\t\t\t\t<\/script>\n\t\t\t<\/rs-module-wrap>\n\t\t\t<!-- END REVOLUTION SLIDER -->\n[vc_empty_space][\/vc_column][\/vc_row][vc_row][vc_column width=&#8221;1\/2&#8243;][wgl_pricing_table css_animation=&#8221;bounceIn&#8221; icon_type=&#8221;font&#8221; icon_font_type=&#8221;type_fontawesome&#8221; icon_fontawesome=&#8221;fa fa-address-card&#8221; button_title=&#8221;COMPRAR&#8221; description_color=&#8221;#252525&#8243; pricing_title=&#8221;A partir de:&#8221; pricing_cur=&#8221;R$&#8221; pricing_price=&#8221;120,00&#8243; pricing_desc=&#8221;Certificado Digital A1&#8243; link=&#8221;url:https%3A%2F%2Fvegcertificado.com.br%2Fespiritosanto%2Fproduct-category%2Fa1%2F||target:%20_blank|rel:nofollow&#8221;]<i class=\"wgl-icon fa fa-check-square-o  \" ><\/i> 1 Ano<br \/>\n<i class=\"wgl-icon fa fa-check-square-o  \" ><\/i> Agendamento R\u00e1pido<br \/>\n<i class=\"wgl-icon fa fa-check-square-o  \" ><\/i> Compre Online[\/wgl_pricing_table][\/vc_column][vc_column width=&#8221;1\/2&#8243;][wgl_pricing_table css_animation=&#8221;bounceIn&#8221; icon_type=&#8221;font&#8221; icon_font_type=&#8221;type_fontawesome&#8221; icon_fontawesome=&#8221;fa fa-address-card&#8221; button_title=&#8221;COMPRAR&#8221; description_color=&#8221;#252525&#8243; pricing_title=&#8221;A partir de:&#8221; pricing_cur=&#8221;R$&#8221; pricing_price=&#8221;180&#8243; pricing_desc=&#8221;Certificado Digital A3&#8243; link=&#8221;url:https%3A%2F%2Fvegcertificado.com.br%2Fespiritosanto%2Fproduct-category%2Fa3%2F3-anos%2F||target:%20_blank|rel:nofollow&#8221;]<i class=\"wgl-icon fa fa-check-square-o  \" ><\/i> 3 Anos<br \/>\n<i class=\"wgl-icon fa fa-check-square-o  \" ><\/i> Agendamento R\u00e1pido<br \/>\n<i class=\"wgl-icon fa fa-check-square-o  \" ><\/i> Compre Online[\/wgl_pricing_table][\/vc_column][\/vc_row][vc_row add_extended=&#8221;true&#8221; values=&#8221;%5B%7B%22extended_animation%22%3A%22sphere%22%2C%22figure_color%22%3A%22%23e8e8e8%22%2C%22drop_colors%22%3A%22one_color%22%2C%22part_color%22%3A%22%23ff7e00%22%2C%22part_color_1%22%3A%22%23ff7e00%22%2C%22part_color_2%22%3A%22%233224e9%22%2C%22part_color_3%22%3A%22%2369e9f2%22%2C%22extended_animation_pos_vertical%22%3A%2250%22%2C%22extended_animation_pos_horizont%22%3A%2235%22%2C%22sphere_width%22%3A%22400%22%2C%22particles_number%22%3A%2250%22%2C%22particles_size%22%3A%2210%22%2C%22particles_speed%22%3A%222%22%2C%22hover_anim%22%3A%22grab%22%2C%22parallax_dir%22%3A%22vertical%22%2C%22parallax_factor%22%3A%220.3%22%2C%22particles_position_top%22%3A%220%22%2C%22particles_position_left%22%3A%220%22%2C%22particles_width%22%3A%22100%22%2C%22particles_height%22%3A%22100%22%7D%5D&#8221;][vc_column width=&#8221;1\/2&#8243;][vc_empty_space height=&#8221;30px&#8221;][vc_single_image image=&#8221;76&#8243; img_size=&#8221;full&#8221; alignment=&#8221;center&#8221; css_animation=&#8221;fadeInLeft&#8221; css=&#8221;.vc_custom_1631308185839{margin-bottom: -50px !important;}&#8221;][\/vc_column][vc_column width=&#8221;1\/2&#8243;][vc_empty_space height=&#8221;30px&#8221;][wgl_double_headings css_animation=&#8221;fadeInRight&#8221; title_color=&#8221;#252525&#8243; subtitle_color=&#8221;#ff7d00&#8243; title=&#8221;O que \u00e9 Certificado Digital ?&#8221;][vc_column_text css_animation=&#8221;fadeInRight&#8221;]\n<div id=\"seofy_dbl_5e8a3a744e9a2\" class=\"seofy_module_double_headings aleft wpb_animate_when_almost_visible wpb_bounceInLeft bounceInLeft wpb_start_animation animated\">\n<div class=\"heading_subtitle\">E-CPF | E-CNPJ | NF-e | CERTIFICADO NA NUVEM<\/div>\n<div class=\"heading_title\">\n<div><\/div>\n<\/div>\n<\/div>\n<div class=\"seofy_module_text wpb_animate_when_almost_visible wpb_bounceInLeft bounceInLeft wpb_start_animation animated\">\n<section class=\"elementor-element elementor-element-a3adca3 elementor-section-stretched elementor-section-boxed elementor-section-height-default elementor-section-height-default elementor-section elementor-top-section\" data-id=\"a3adca3\" data-element_type=\"section\" data-settings=\"{&quot;stretch_section&quot;:&quot;section-stretched&quot;}\">\n<div class=\"elementor-container elementor-column-gap-default\">\n<div class=\"elementor-row\">\n<div class=\"elementor-element elementor-element-97b9485 elementor-column elementor-col-100 elementor-top-column\" data-id=\"97b9485\" data-element_type=\"column\">\n<div class=\"elementor-column-wrap elementor-element-populated\">\n<div class=\"elementor-widget-wrap\">\n<div class=\"elementor-element elementor-element-367cdcd elementor-widget elementor-widget-text-editor\" data-id=\"367cdcd\" data-element_type=\"widget\" data-widget_type=\"text-editor.default\">\n<div class=\"elementor-widget-container\">\n<div class=\"elementor-text-editor elementor-clearfix\">\n<p>Certificado Digital \u00e9 uma ferramenta que permite que a pessoa, seja ela f\u00edsica ou jur\u00eddica, possua uma assinatura eletr\u00f4nica com validade jur\u00eddica, trazendo mais prote\u00e7\u00e3o e seguran\u00e7a para as transa\u00e7\u00f5es eletr\u00f4nicas efetuadas por ela virtualmente.<br \/>\nO Certificado Digital \u00e9 obtido em forma de arquivo, que \u00e9 armazenado no computador do usu\u00e1rio, ou em uma m\u00eddia criptogr\u00e1fica (cart\u00e3o ou token).<\/p>\n<\/div>\n<\/div>\n<\/div>\n<\/div>\n<\/div>\n<\/div>\n<\/div>\n<\/div>\n<\/section>\n<\/div>\n[\/vc_column_text][vc_empty_space height=&#8221;30px&#8221;][vc_btn title=&#8221;Compre seu Certificado Online&#8221; color=&#8221;danger&#8221; align=&#8221;left&#8221; css_animation=&#8221;fadeInRight&#8221; link=&#8221;url:https%3A%2F%2Fvegcertificado.com.br%2Fespiritosanto%2Fcertificados%2F|title:Certificado%20Digital||rel:nofollow&#8221;][\/vc_column][\/vc_row][vc_row][vc_column][vc_empty_space][\/vc_column][\/vc_row][vc_row full_width=&#8221;stretch_row&#8221; content_placement=&#8221;middle&#8221; css=&#8221;.vc_custom_1586610723268{background-color: #000000 !important;}&#8221; add_extended=&#8221;true&#8221; values=&#8221;%5B%7B%22extended_animation%22%3A%22particles%22%2C%22figure_color%22%3A%22%23ffffff%22%2C%22drop_colors%22%3A%22one_color%22%2C%22part_color%22%3A%22%23001756%22%2C%22part_color_1%22%3A%22%23ff7e00%22%2C%22part_color_2%22%3A%22%233224e9%22%2C%22part_color_3%22%3A%22%2369e9f2%22%2C%22extended_animation_pos_vertical%22%3A%2250%22%2C%22extended_animation_pos_horizont%22%3A%2250%22%2C%22sphere_width%22%3A%22100%22%2C%22particles_number%22%3A%2225%22%2C%22particles_size%22%3A%2210%22%2C%22particles_speed%22%3A%222%22%2C%22hover_anim%22%3A%22grab%22%2C%22parallax_dir%22%3A%22vertical%22%2C%22parallax_factor%22%3A%220.3%22%2C%22particles_position_top%22%3A%220%22%2C%22particles_position_left%22%3A%220%22%2C%22particles_width%22%3A%22100%22%2C%22particles_height%22%3A%22100%22%7D%5D&#8221;][vc_column width=&#8221;1\/2&#8243;][wgl_double_headings css_animation=&#8221;fadeInLeft&#8221; title_color=&#8221;#ffffff&#8221; subtitle_color=&#8221;#ff7d00&#8243; title=&#8221;Certificado Digital e-CPF&#8221; custom_title_color=&#8221;true&#8221;][vc_empty_space height=&#8221;30px&#8221;][vc_column_text css_animation=&#8221;fadeInLeft&#8221;]<span style=\"color: #ffffff;\">O <strong>Certificado Digital e-CPF<\/strong> existe para facilitar sua vida e evitar que voc\u00ea perca tempo fazendo presencialmente muitas atividades que poderia resolver de forma online, de maneira pr\u00e1tica e segura. Atividades como reconhecimento de firmas, entrega de documentos via motoboy e idas ao banco, por exemplo, podem ser substitu\u00eddas por transa\u00e7\u00f5es online com garantia da autenticidade e com toda prote\u00e7\u00e3o das informa\u00e7\u00f5es trocadas.<\/span>[\/vc_column_text][vc_empty_space height=&#8221;30px&#8221;][vc_btn title=&#8221;Comprar Certificado Digital e-CPF&#8221; color=&#8221;danger&#8221; align=&#8221;left&#8221; css_animation=&#8221;fadeInLeft&#8221; link=&#8221;url:https%3A%2F%2Fvegcertificado.com.br%2Fespiritosanto%2Fproduct-category%2Fcertificado-digital%2Fe-cpf%2F|title:Certificado%20Digital%20e-CPF||rel:nofollow&#8221;][\/vc_column][vc_column width=&#8221;1\/2&#8243;][vc_single_image image=&#8221;471&#8243; img_size=&#8221;full&#8221; css_animation=&#8221;fadeInRight&#8221;][\/vc_column][\/vc_row][vc_row][vc_column][vc_empty_space][\/vc_column][\/vc_row][vc_row full_width=&#8221;stretch_row&#8221; content_placement=&#8221;middle&#8221;][vc_column width=&#8221;1\/2&#8243;][vc_empty_space][wgl_image_layers values=&#8221;%5B%7B%22thumbnail%22%3A%2290%22%2C%22image_animation%22%3A%22slide_big_up%22%2C%22image_order%22%3A%221%22%7D%2C%7B%22thumbnail%22%3A%2291%22%2C%22image_animation%22%3A%22slide_big_left%22%2C%22image_order%22%3A%221%22%7D%2C%7B%22thumbnail%22%3A%2289%22%2C%22image_animation%22%3A%22slide_big_down%22%2C%22image_order%22%3A%221%22%7D%5D&#8221;][\/vc_column][vc_column css_animation=&#8221;fadeInRightBig&#8221; width=&#8221;1\/2&#8243;][wgl_double_headings css_animation=&#8221;fadeInRight&#8221; title_color=&#8221;#252525&#8243; subtitle_color=&#8221;#ff7d00&#8243; title=&#8221;Certificado Digital e-CNPJ&#8221;][vc_empty_space height=&#8221;30px&#8221;][vc_column_text css_animation=&#8221;fadeInRight&#8221;]O <strong>e-CNPJ<\/strong> \u00e9 a vers\u00e3o em formato eletr\u00f4nico do CNPJ que garante integridade e autenticidade nas transa\u00e7\u00f5es de pessoas jur\u00eddicas nas opera\u00e7\u00f5es digitais. Com o <strong>e-CNPJ<\/strong> \u00e9 poss\u00edvel que a empresa tenha acesso ampliado na Receita Federal, envie NF-e e outras obriga\u00e7\u00f5es assessorias.[\/vc_column_text][vc_empty_space height=&#8221;30px&#8221;][vc_btn title=&#8221;Comprar Certificado Digital e-CNPJ&#8221; color=&#8221;danger&#8221; align=&#8221;left&#8221; css_animation=&#8221;fadeInRight&#8221; link=&#8221;url:https%3A%2F%2Fvegcertificado.com.br%2Fespiritosanto%2Fproduct-category%2Fcertificado-digital%2Fe-cnpj%2F|title:Certificado%20digital%20e-CNPJ||rel:nofollow&#8221;][\/vc_column][\/vc_row]\n<\/div>","protected":false},"excerpt":{"rendered":"<p>[vc_row][vc_column css=&#8221;.vc_custom_1586116839280{margin-top: -60px !important;}&#8221;][vc_empty_space][\/vc_column][\/vc_row][vc_row][vc_column width=&#8221;1\/2&#8243;][wgl_pricing_table css_animation=&#8221;bounceIn&#8221; icon_type=&#8221;font&#8221; icon_font_type=&#8221;type_fontawesome&#8221; icon_fontawesome=&#8221;fa fa-address-card&#8221; button_title=&#8221;COMPRAR&#8221; description_color=&#8221;#252525&#8243; pricing_title=&#8221;A partir de:&#8221; pricing_cur=&#8221;R$&#8221; pricing_price=&#8221;120,00&#8243; pricing_desc=&#8221;Certificado Digital A1&#8243; link=&#8221;url:https%3A%2F%2Fvegcertificado.com.br%2Fespiritosanto%2Fproduct-category%2Fa1%2F||target:%20_blank|rel:nofollow&#8221;] 1 Ano Agendamento R\u00e1pido Compre Online[\/wgl_pricing_table][\/vc_column][vc_column width=&#8221;1\/2&#8243;][wgl_pricing_table css_animation=&#8221;bounceIn&#8221; icon_type=&#8221;font&#8221; icon_font_type=&#8221;type_fontawesome&#8221; icon_fontawesome=&#8221;fa fa-address-card&#8221; button_title=&#8221;COMPRAR&#8221; description_color=&#8221;#252525&#8243; pricing_title=&#8221;A partir de:&#8221; pricing_cur=&#8221;R$&#8221; pricing_price=&#8221;180&#8243; pricing_desc=&#8221;Certificado Digital A3&#8243; link=&#8221;url:https%3A%2F%2Fvegcertificado.com.br%2Fespiritosanto%2Fproduct-category%2Fa3%2F3-anos%2F||target:%20_blank|rel:nofollow&#8221;] 3 Anos Agendamento R\u00e1pido Compre Online[\/wgl_pricing_table][\/vc_column][\/vc_row][vc_row add_extended=&#8221;true&#8221; values=&#8221;%5B%7B%22extended_animation%22%3A%22sphere%22%2C%22figure_color%22%3A%22%23e8e8e8%22%2C%22drop_colors%22%3A%22one_color%22%2C%22part_color%22%3A%22%23ff7e00%22%2C%22part_color_1%22%3A%22%23ff7e00%22%2C%22part_color_2%22%3A%22%233224e9%22%2C%22part_color_3%22%3A%22%2369e9f2%22%2C%22extended_animation_pos_vertical%22%3A%2250%22%2C%22extended_animation_pos_horizont%22%3A%2235%22%2C%22sphere_width%22%3A%22400%22%2C%22particles_number%22%3A%2250%22%2C%22particles_size%22%3A%2210%22%2C%22particles_speed%22%3A%222%22%2C%22hover_anim%22%3A%22grab%22%2C%22parallax_dir%22%3A%22vertical%22%2C%22parallax_factor%22%3A%220.3%22%2C%22particles_position_top%22%3A%220%22%2C%22particles_position_left%22%3A%220%22%2C%22particles_width%22%3A%22100%22%2C%22particles_height%22%3A%22100%22%7D%5D&#8221;][vc_column width=&#8221;1\/2&#8243;][vc_empty_space height=&#8221;30px&#8221;][vc_single_image image=&#8221;76&#8243; [&hellip;]<\/p>\n","protected":false},"author":1,"featured_media":0,"parent":0,"menu_order":0,"comment_status":"closed","ping_status":"closed","template":"","meta":{"footnotes":""},"class_list":["post-6","page","type-page","status-publish","hentry"],"_links":{"self":[{"href":"https:\/\/vegcertificado.com.br\/espiritosanto\/wp-json\/wp\/v2\/pages\/6","targetHints":{"allow":["GET"]}}],"collection":[{"href":"https:\/\/vegcertificado.com.br\/espiritosanto\/wp-json\/wp\/v2\/pages"}],"about":[{"href":"https:\/\/vegcertificado.com.br\/espiritosanto\/wp-json\/wp\/v2\/types\/page"}],"author":[{"embeddable":true,"href":"https:\/\/vegcertificado.com.br\/espiritosanto\/wp-json\/wp\/v2\/users\/1"}],"replies":[{"embeddable":true,"href":"https:\/\/vegcertificado.com.br\/espiritosanto\/wp-json\/wp\/v2\/comments?post=6"}],"version-history":[{"count":55,"href":"https:\/\/vegcertificado.com.br\/espiritosanto\/wp-json\/wp\/v2\/pages\/6\/revisions"}],"predecessor-version":[{"id":697,"href":"https:\/\/vegcertificado.com.br\/espiritosanto\/wp-json\/wp\/v2\/pages\/6\/revisions\/697"}],"wp:attachment":[{"href":"https:\/\/vegcertificado.com.br\/espiritosanto\/wp-json\/wp\/v2\/media?parent=6"}],"curies":[{"name":"wp","href":"https:\/\/api.w.org\/{rel}","templated":true}]}}