{"id":329,"date":"2020-05-11T08:05:37","date_gmt":"2020-05-11T08:05:37","guid":{"rendered":"https:\/\/vegcertificado.com.br\/aracaju\/product\/import-placeholder-for-298\/"},"modified":"2023-01-25T14:51:20","modified_gmt":"2023-01-25T14:51:20","slug":"nuvem-link-id-e-cnpj-validade-de-02-anos","status":"publish","type":"product","link":"https:\/\/vegcertificado.com.br\/aracaju\/product\/nuvem-link-id-e-cnpj-validade-de-02-anos\/","title":{"rendered":"NUVEM LINK-ID E-CNPJ (VALIDADE DE 02 ANOS)"},"content":{"rendered":"<p>A tecnologia do certificado digital em nuvem.<\/p>\n<p>Mais uma solu\u00e7\u00e3o para facilitar o seu dia a dia com total seguran\u00e7a e praticidade. Com ele, voc\u00ea n\u00e3o precisa usar m\u00eddias criptogr\u00e1ficas (Token e Cart\u00e3o), e pode us\u00e1-lo diretamente no seu smartphone atrav\u00e9s do aplicativo SafeID.<\/p>\n<p>&nbsp;<\/p>\n<p><strong>Principais caracter\u00edsticas:<\/strong><\/p>\n<p><strong>Disponibilidade<\/strong>: Acesso a qualquer hora e em qualquer lugar. Basta ter em m\u00e3os um dispositivo m\u00f3vel com conex\u00e3o \u00e0 Internet.<\/p>\n<p><strong>Mobilidade<\/strong>: \u00c9 poss\u00edvel utilizar um \u00fanico certificado para v\u00e1rios usu\u00e1rios, sem a necessidade do uso de m\u00eddias criptogr\u00e1ficas.<\/p>\n<p><strong>Seguran\u00e7a:<\/strong> Controle de acesso: data, hora, dispositivo m\u00f3vel e em qual aplica\u00e7\u00e3o o certificado digital foi utilizado.<\/p>\n<p><strong>Compatibilidade<\/strong>:\u00a0 Pode ser usado nos principais navegadores e sistemas operacionais, como: Android e iOS.<\/p>\n<p>&nbsp;<\/p>\n<p><strong>Vantagens:<\/strong><\/p>\n<p>\u2022 Facilidade de uso: o seu certificado digital na palma da sua m\u00e3o;<\/p>\n<p>\u2022 Voc\u00ea pode sincronizar o seu certificado em diversos dispositivos m\u00f3veis e computadores, de acordo com sua necessidade;<\/p>\n<p>\u2022 Acesso ao hist\u00f3rico de utiliza\u00e7\u00e3o do certificado: com o SafeID \u00e9 poss\u00edvel rastrear as assinaturas realizadas com o seu certificado e verificar todos os dispositivos m\u00f3veis a ele associados e muito mais;<\/p>\n<p>\u2022 Em caso de perda do dispositivo m\u00f3vel, o certificado em nuvem pode ser novamente habilitado em outro dispositivo;<\/p>\n<p>\u2022 E muito mais!<\/p>\n","protected":false},"excerpt":{"rendered":"<p>A tecnologia do certificado digital em nuvem. Mais uma solu\u00e7\u00e3o para facilitar o seu dia a dia com total seguran\u00e7a e praticidade. Com ele, voc\u00ea n\u00e3o precisa usar m\u00eddias criptogr\u00e1ficas (Token e Cart\u00e3o), e pode us\u00e1-lo diretamente no seu smartphone atrav\u00e9s do aplicativo SafeID. &nbsp; Principais caracter\u00edsticas: Disponibilidade: Acesso a qualquer hora e em qualquer [&hellip;]<\/p>\n","protected":false},"featured_media":576,"comment_status":"open","ping_status":"closed","template":"","meta":[],"product_brand":[],"product_cat":[17,52,28],"product_tag":[],"class_list":{"0":"post-329","1":"product","2":"type-product","3":"status-publish","4":"has-post-thumbnail","6":"product_cat-certificado-digital","7":"product_cat-certificado-em-nuvem-e-cnpj","8":"product_cat-e-cnpj","10":"first","11":"instock","12":"virtual","13":"purchasable","14":"product-type-simple"},"_links":{"self":[{"href":"https:\/\/vegcertificado.com.br\/aracaju\/wp-json\/wp\/v2\/product\/329","targetHints":{"allow":["GET"]}}],"collection":[{"href":"https:\/\/vegcertificado.com.br\/aracaju\/wp-json\/wp\/v2\/product"}],"about":[{"href":"https:\/\/vegcertificado.com.br\/aracaju\/wp-json\/wp\/v2\/types\/product"}],"replies":[{"embeddable":true,"href":"https:\/\/vegcertificado.com.br\/aracaju\/wp-json\/wp\/v2\/comments?post=329"}],"wp:featuredmedia":[{"embeddable":true,"href":"https:\/\/vegcertificado.com.br\/aracaju\/wp-json\/wp\/v2\/media\/576"}],"wp:attachment":[{"href":"https:\/\/vegcertificado.com.br\/aracaju\/wp-json\/wp\/v2\/media?parent=329"}],"wp:term":[{"taxonomy":"product_brand","embeddable":true,"href":"https:\/\/vegcertificado.com.br\/aracaju\/wp-json\/wp\/v2\/product_brand?post=329"},{"taxonomy":"product_cat","embeddable":true,"href":"https:\/\/vegcertificado.com.br\/aracaju\/wp-json\/wp\/v2\/product_cat?post=329"},{"taxonomy":"product_tag","embeddable":true,"href":"https:\/\/vegcertificado.com.br\/aracaju\/wp-json\/wp\/v2\/product_tag?post=329"}],"curies":[{"name":"wp","href":"https:\/\/api.w.org\/{rel}","templated":true}]}}