{"id":325,"date":"2020-05-11T08:05:37","date_gmt":"2020-05-11T08:05:37","guid":{"rendered":"https:\/\/vegcertificado.com.br\/aracaju\/product\/import-placeholder-for-293\/"},"modified":"2023-11-17T00:44:23","modified_gmt":"2023-11-17T00:44:23","slug":"nf-e-a3-em-cartao-inteligente-leitora-validade-de-03-anos","status":"publish","type":"product","link":"https:\/\/vegcertificado.com.br\/aracaju\/product\/nf-e-a3-em-cartao-inteligente-leitora-validade-de-03-anos\/","title":{"rendered":"NF-E A3 EM CART\u00c3O INTELIGENTE + LEITORA (VALIDADE DE 03 ANOS)"},"content":{"rendered":"<p>\u00c9 um Certificado Digital sem v\u00ednculo com a Receita Federal, portanto, ele n\u00e3o necessita ser emitido apenas para o representante legal, sendo permitida a emiss\u00e3o para um funcion\u00e1rio ou procurador, contudo, ele se torna limitado apenas para emiss\u00e3o de Notas Fiscais Eletr\u00f4nicas e sistemas que n\u00e3o exijam certificados cadeia RFB.<\/p>\n","protected":false},"excerpt":{"rendered":"<p>\u00c9 um Certificado Digital sem v\u00ednculo com a Receita Federal, portanto, ele n\u00e3o necessita ser emitido apenas para o representante legal, sendo permitida a emiss\u00e3o para um funcion\u00e1rio ou procurador, contudo, ele se torna limitado apenas para emiss\u00e3o de Notas Fiscais Eletr\u00f4nicas e sistemas que n\u00e3o exijam certificados cadeia RFB.<\/p>\n","protected":false},"featured_media":441,"comment_status":"open","ping_status":"closed","template":"","meta":[],"product_brand":[],"product_cat":[17,46],"product_tag":[],"class_list":{"0":"post-325","1":"product","2":"type-product","3":"status-publish","4":"has-post-thumbnail","6":"product_cat-certificado-digital","7":"product_cat-nf-e","9":"first","10":"instock","11":"virtual","12":"purchasable","13":"product-type-simple"},"_links":{"self":[{"href":"https:\/\/vegcertificado.com.br\/aracaju\/wp-json\/wp\/v2\/product\/325","targetHints":{"allow":["GET"]}}],"collection":[{"href":"https:\/\/vegcertificado.com.br\/aracaju\/wp-json\/wp\/v2\/product"}],"about":[{"href":"https:\/\/vegcertificado.com.br\/aracaju\/wp-json\/wp\/v2\/types\/product"}],"replies":[{"embeddable":true,"href":"https:\/\/vegcertificado.com.br\/aracaju\/wp-json\/wp\/v2\/comments?post=325"}],"wp:featuredmedia":[{"embeddable":true,"href":"https:\/\/vegcertificado.com.br\/aracaju\/wp-json\/wp\/v2\/media\/441"}],"wp:attachment":[{"href":"https:\/\/vegcertificado.com.br\/aracaju\/wp-json\/wp\/v2\/media?parent=325"}],"wp:term":[{"taxonomy":"product_brand","embeddable":true,"href":"https:\/\/vegcertificado.com.br\/aracaju\/wp-json\/wp\/v2\/product_brand?post=325"},{"taxonomy":"product_cat","embeddable":true,"href":"https:\/\/vegcertificado.com.br\/aracaju\/wp-json\/wp\/v2\/product_cat?post=325"},{"taxonomy":"product_tag","embeddable":true,"href":"https:\/\/vegcertificado.com.br\/aracaju\/wp-json\/wp\/v2\/product_tag?post=325"}],"curies":[{"name":"wp","href":"https:\/\/api.w.org\/{rel}","templated":true}]}}