{"id":174,"date":"2020-04-06T09:44:37","date_gmt":"2020-04-06T09:44:37","guid":{"rendered":"https:\/\/vegcertificado.com.br\/aracaju\/product\/e-cpf-a3-em-cartao-inteligente-leitora-validade-de-03-anos\/"},"modified":"2023-01-25T14:54:55","modified_gmt":"2023-01-25T14:54:55","slug":"e-cpf-a3-em-cartao-inteligente-leitora-validade-de-03-anos","status":"publish","type":"product","link":"https:\/\/vegcertificado.com.br\/aracaju\/product\/e-cpf-a3-em-cartao-inteligente-leitora-validade-de-03-anos\/","title":{"rendered":"E-CPF A3 EM CART\u00c3O INTELIGENTE + LEITORA (VALIDADE DE 03 ANOS)"},"content":{"rendered":"<p>Seu certificado digital armazenado em cart\u00e3o \u00e9 port\u00e1til e pode ser usado em qualquer m\u00e1quina que tenha uma entrada USB (com a leitora) e o programa do cart\u00e3o, que pode ser instalado de forma muito simples em quantos computadores voc\u00ea quiser. O cart\u00e3o tem uma senha de acesso (PIN), que, se digitada incorretamente por 3 vezes seguidas, \u00e9 bloqueada imediatamente, e s\u00f3 poder\u00e1 ser liberada caso o usu\u00e1rio entre corretamente com a senha PUK.<\/p>\n","protected":false},"excerpt":{"rendered":"<p>Seu certificado digital armazenado em cart\u00e3o \u00e9 port\u00e1til e pode ser usado em qualquer m\u00e1quina que tenha uma entrada USB (com a leitora) e o programa do cart\u00e3o, que pode ser instalado de forma muito simples em quantos computadores voc\u00ea quiser. O cart\u00e3o tem uma senha de acesso (PIN), que, se digitada incorretamente por 3 [&hellip;]<\/p>\n","protected":false},"featured_media":436,"comment_status":"open","ping_status":"closed","template":"","meta":[],"product_brand":[],"product_cat":[17,18],"product_tag":[],"class_list":{"0":"post-174","1":"product","2":"type-product","3":"status-publish","4":"has-post-thumbnail","6":"product_cat-certificado-digital","7":"product_cat-e-cpf","9":"first","10":"instock","11":"virtual","12":"purchasable","13":"product-type-simple"},"_links":{"self":[{"href":"https:\/\/vegcertificado.com.br\/aracaju\/wp-json\/wp\/v2\/product\/174","targetHints":{"allow":["GET"]}}],"collection":[{"href":"https:\/\/vegcertificado.com.br\/aracaju\/wp-json\/wp\/v2\/product"}],"about":[{"href":"https:\/\/vegcertificado.com.br\/aracaju\/wp-json\/wp\/v2\/types\/product"}],"replies":[{"embeddable":true,"href":"https:\/\/vegcertificado.com.br\/aracaju\/wp-json\/wp\/v2\/comments?post=174"}],"wp:featuredmedia":[{"embeddable":true,"href":"https:\/\/vegcertificado.com.br\/aracaju\/wp-json\/wp\/v2\/media\/436"}],"wp:attachment":[{"href":"https:\/\/vegcertificado.com.br\/aracaju\/wp-json\/wp\/v2\/media?parent=174"}],"wp:term":[{"taxonomy":"product_brand","embeddable":true,"href":"https:\/\/vegcertificado.com.br\/aracaju\/wp-json\/wp\/v2\/product_brand?post=174"},{"taxonomy":"product_cat","embeddable":true,"href":"https:\/\/vegcertificado.com.br\/aracaju\/wp-json\/wp\/v2\/product_cat?post=174"},{"taxonomy":"product_tag","embeddable":true,"href":"https:\/\/vegcertificado.com.br\/aracaju\/wp-json\/wp\/v2\/product_tag?post=174"}],"curies":[{"name":"wp","href":"https:\/\/api.w.org\/{rel}","templated":true}]}}