{"id":166,"date":"2020-04-06T09:44:36","date_gmt":"2020-04-06T09:44:36","guid":{"rendered":"https:\/\/vegcertificado.com.br\/aracaju\/product\/e-cnpj-a3-em-token-validade-de-02-anos\/"},"modified":"2023-01-25T14:55:27","modified_gmt":"2023-01-25T14:55:27","slug":"e-cnpj-a3-em-token-validade-de-02-anos","status":"publish","type":"product","link":"https:\/\/vegcertificado.com.br\/aracaju\/product\/e-cnpj-a3-em-token-validade-de-02-anos\/","title":{"rendered":"E-CNPJ A3 EM TOKEN (VALIDADE DE 02 ANOS)"},"content":{"rendered":"<p>O token \u00e9 um dispositivo port\u00e1til que gera e armazena o certificado digital. Uma vez gerada a chave privada, o token estar\u00e1 totalmente protegido, e o certificado n\u00e3o poder\u00e1 ser exportado ou reproduzido em outro dispositivo. O certificado digital A3 armazenado em token pode ser utilizado em qualquer computador.<\/p>\n","protected":false},"excerpt":{"rendered":"<p>O token \u00e9 um dispositivo port\u00e1til que gera e armazena o certificado digital. Uma vez gerada a chave privada, o token estar\u00e1 totalmente protegido, e o certificado n\u00e3o poder\u00e1 ser exportado ou reproduzido em outro dispositivo. O certificado digital A3 armazenado em token pode ser utilizado em qualquer computador.<\/p>\n","protected":false},"featured_media":563,"comment_status":"open","ping_status":"closed","template":"","meta":[],"product_brand":[],"product_cat":[17,28],"product_tag":[],"class_list":{"0":"post-166","1":"product","2":"type-product","3":"status-publish","4":"has-post-thumbnail","6":"product_cat-certificado-digital","7":"product_cat-e-cnpj","9":"first","10":"instock","11":"virtual","12":"purchasable","13":"product-type-simple"},"_links":{"self":[{"href":"https:\/\/vegcertificado.com.br\/aracaju\/wp-json\/wp\/v2\/product\/166","targetHints":{"allow":["GET"]}}],"collection":[{"href":"https:\/\/vegcertificado.com.br\/aracaju\/wp-json\/wp\/v2\/product"}],"about":[{"href":"https:\/\/vegcertificado.com.br\/aracaju\/wp-json\/wp\/v2\/types\/product"}],"replies":[{"embeddable":true,"href":"https:\/\/vegcertificado.com.br\/aracaju\/wp-json\/wp\/v2\/comments?post=166"}],"wp:featuredmedia":[{"embeddable":true,"href":"https:\/\/vegcertificado.com.br\/aracaju\/wp-json\/wp\/v2\/media\/563"}],"wp:attachment":[{"href":"https:\/\/vegcertificado.com.br\/aracaju\/wp-json\/wp\/v2\/media?parent=166"}],"wp:term":[{"taxonomy":"product_brand","embeddable":true,"href":"https:\/\/vegcertificado.com.br\/aracaju\/wp-json\/wp\/v2\/product_brand?post=166"},{"taxonomy":"product_cat","embeddable":true,"href":"https:\/\/vegcertificado.com.br\/aracaju\/wp-json\/wp\/v2\/product_cat?post=166"},{"taxonomy":"product_tag","embeddable":true,"href":"https:\/\/vegcertificado.com.br\/aracaju\/wp-json\/wp\/v2\/product_tag?post=166"}],"curies":[{"name":"wp","href":"https:\/\/api.w.org\/{rel}","templated":true}]}}