{"id":161,"date":"2020-04-06T09:44:36","date_gmt":"2020-04-06T09:44:36","guid":{"rendered":"https:\/\/vegcertificado.com.br\/aracaju\/product\/e-cnpj-a3-sem-midia-validade-de-03-anos\/"},"modified":"2023-01-25T14:56:34","modified_gmt":"2023-01-25T14:56:34","slug":"e-cnpj-a3-sem-midia-validade-de-03-anos","status":"publish","type":"product","link":"https:\/\/vegcertificado.com.br\/aracaju\/product\/e-cnpj-a3-sem-midia-validade-de-03-anos\/","title":{"rendered":"E-CNPJ A3 SEM M\u00cdDIA (VALIDADE DE 03 ANOS)"},"content":{"rendered":"<p>O e-CNPJ A3 \u00e9 a solu\u00e7\u00e3o para a empresa que precisa de um certificado digital com maior prazo de validade, durabilidade e portabilidade. Ele identifica pessoas jur\u00eddicas em meio eletr\u00f4nico por meio de um par de chaves criptogr\u00e1ficas. \u00c9 um certificado digital gerado e armazenado em um dispositivo (cart\u00e3o ou token) e protegido por uma senha de acesso (PIN).<\/p>\n","protected":false},"excerpt":{"rendered":"<p>O e-CNPJ A3 \u00e9 a solu\u00e7\u00e3o para a empresa que precisa de um certificado digital com maior prazo de validade, durabilidade e portabilidade. Ele identifica pessoas jur\u00eddicas em meio eletr\u00f4nico por meio de um par de chaves criptogr\u00e1ficas. \u00c9 um certificado digital gerado e armazenado em um dispositivo (cart\u00e3o ou token) e protegido por uma [&hellip;]<\/p>\n","protected":false},"featured_media":564,"comment_status":"open","ping_status":"closed","template":"","meta":[],"product_brand":[],"product_cat":[17,28],"product_tag":[],"class_list":{"0":"post-161","1":"product","2":"type-product","3":"status-publish","4":"has-post-thumbnail","6":"product_cat-certificado-digital","7":"product_cat-e-cnpj","9":"first","10":"instock","11":"virtual","12":"purchasable","13":"product-type-simple"},"_links":{"self":[{"href":"https:\/\/vegcertificado.com.br\/aracaju\/wp-json\/wp\/v2\/product\/161","targetHints":{"allow":["GET"]}}],"collection":[{"href":"https:\/\/vegcertificado.com.br\/aracaju\/wp-json\/wp\/v2\/product"}],"about":[{"href":"https:\/\/vegcertificado.com.br\/aracaju\/wp-json\/wp\/v2\/types\/product"}],"replies":[{"embeddable":true,"href":"https:\/\/vegcertificado.com.br\/aracaju\/wp-json\/wp\/v2\/comments?post=161"}],"wp:featuredmedia":[{"embeddable":true,"href":"https:\/\/vegcertificado.com.br\/aracaju\/wp-json\/wp\/v2\/media\/564"}],"wp:attachment":[{"href":"https:\/\/vegcertificado.com.br\/aracaju\/wp-json\/wp\/v2\/media?parent=161"}],"wp:term":[{"taxonomy":"product_brand","embeddable":true,"href":"https:\/\/vegcertificado.com.br\/aracaju\/wp-json\/wp\/v2\/product_brand?post=161"},{"taxonomy":"product_cat","embeddable":true,"href":"https:\/\/vegcertificado.com.br\/aracaju\/wp-json\/wp\/v2\/product_cat?post=161"},{"taxonomy":"product_tag","embeddable":true,"href":"https:\/\/vegcertificado.com.br\/aracaju\/wp-json\/wp\/v2\/product_tag?post=161"}],"curies":[{"name":"wp","href":"https:\/\/api.w.org\/{rel}","templated":true}]}}