{"id":159,"date":"2020-04-06T09:44:35","date_gmt":"2020-04-06T09:44:35","guid":{"rendered":"https:\/\/vegcertificado.com.br\/aracaju\/product\/e-cnpj-a1-no-arquivo-digital-validade-de-01-ano\/"},"modified":"2023-01-25T14:56:41","modified_gmt":"2023-01-25T14:56:41","slug":"e-cnpj-a1-no-arquivo-digital-validade-de-01-ano","status":"publish","type":"product","link":"https:\/\/vegcertificado.com.br\/aracaju\/product\/e-cnpj-a1-no-arquivo-digital-validade-de-01-ano\/","title":{"rendered":"E-CNPJ A1 NO ARQUIVO DIGITAL (VALIDADE DE 01 ANO)"},"content":{"rendered":"<p>O e-CNPJ A1 \u00e9 um certificado digital gerado e armazenado no computador do usu\u00e1rio. Ele identifica pessoas jur\u00eddicas em meio eletr\u00f4nico por meio de um par de chaves criptogr\u00e1ficas. Os dados podem ser protegidos por uma senha de acesso, criada pelo usu\u00e1rio.<\/p>\n","protected":false},"excerpt":{"rendered":"<p>O e-CNPJ A1 \u00e9 um certificado digital gerado e armazenado no computador do usu\u00e1rio. Ele identifica pessoas jur\u00eddicas em meio eletr\u00f4nico por meio de um par de chaves criptogr\u00e1ficas. Os dados podem ser protegidos por uma senha de acesso, criada pelo usu\u00e1rio.<\/p>\n","protected":false},"featured_media":562,"comment_status":"open","ping_status":"closed","template":"","meta":[],"product_brand":[],"product_cat":[17,28],"product_tag":[],"class_list":{"0":"post-159","1":"product","2":"type-product","3":"status-publish","4":"has-post-thumbnail","6":"product_cat-certificado-digital","7":"product_cat-e-cnpj","9":"first","10":"instock","11":"virtual","12":"purchasable","13":"product-type-simple"},"_links":{"self":[{"href":"https:\/\/vegcertificado.com.br\/aracaju\/wp-json\/wp\/v2\/product\/159","targetHints":{"allow":["GET"]}}],"collection":[{"href":"https:\/\/vegcertificado.com.br\/aracaju\/wp-json\/wp\/v2\/product"}],"about":[{"href":"https:\/\/vegcertificado.com.br\/aracaju\/wp-json\/wp\/v2\/types\/product"}],"replies":[{"embeddable":true,"href":"https:\/\/vegcertificado.com.br\/aracaju\/wp-json\/wp\/v2\/comments?post=159"}],"wp:featuredmedia":[{"embeddable":true,"href":"https:\/\/vegcertificado.com.br\/aracaju\/wp-json\/wp\/v2\/media\/562"}],"wp:attachment":[{"href":"https:\/\/vegcertificado.com.br\/aracaju\/wp-json\/wp\/v2\/media?parent=159"}],"wp:term":[{"taxonomy":"product_brand","embeddable":true,"href":"https:\/\/vegcertificado.com.br\/aracaju\/wp-json\/wp\/v2\/product_brand?post=159"},{"taxonomy":"product_cat","embeddable":true,"href":"https:\/\/vegcertificado.com.br\/aracaju\/wp-json\/wp\/v2\/product_cat?post=159"},{"taxonomy":"product_tag","embeddable":true,"href":"https:\/\/vegcertificado.com.br\/aracaju\/wp-json\/wp\/v2\/product_tag?post=159"}],"curies":[{"name":"wp","href":"https:\/\/api.w.org\/{rel}","templated":true}]}}